{"id":838,"date":"2018-06-07T10:18:04","date_gmt":"2018-06-07T08:18:04","guid":{"rendered":"https:\/\/centroprivacy.asmecal.it\/demo2\/?page_id=837"},"modified":"2019-10-25T12:29:32","modified_gmt":"2019-10-25T10:29:32","slug":"privacy","status":"publish","type":"page","link":"https:\/\/centroprivacy.asmecal.it\/praiaamare\/?page_id=838","title":{"rendered":"Privacy"},"content":{"rendered":"<h1>INFORMATIVA per il trattamento dei dati personali ai sensi dell\u2019art 13 del Regolamento europeo n. 679\/2016<\/h1>\n<p>&nbsp;<\/p>\n<h3>1. Premessa<\/h3>\n<p>Ai sensi dell\u2019art. 13 del Regolamento europeo n. 679\/2016, il\u00a0 Comune di Praia a Mare, in qualit\u00e0 di \u201cTitolare\u201d del trattamento, \u00e8 tenuta a fornirle informazioni in merito all\u2019utilizzo dei suoi dati personali.<\/p>\n<p>&nbsp;<\/p>\n<h3>2.\u00a0\u00a0 Identit\u00e0 e i dati di contatto del titolare del trattamento<\/h3>\n<p>Il Titolare del trattamento dei dati personali di cui alla presente Informativa \u00e8 il\u00a0 Comune di Praia a Mare, con sede in Piazza Del Municipio, 1 - 87028 Praia a Mare (CS) &#8211; pec: <a href=\"mailto:protocollo.praia@asmepec.it\" style=\"word-break: break-all; display: inline-block;\">protocollo.praia@asmepec.it<\/a> . il quale in qualit\u00e0 di titolare tratter\u00e0 i dati personali conferiti con modalit\u00e0 prevalentemente informatiche e telematiche, per le finalit\u00e0 previste dal Regolamento (UE) 2016\/679 (RGPD), in particolare per l&#8217;esecuzione dei propri compiti di interesse pubblico o comunque connessi all&#8217;esercizio dei propri pubblici poteri, ivi incluse le finalit\u00e0 di archiviazione, di ricerca storica e di analisi per scopi statistici.<\/p>\n<p>&nbsp;<\/p>\n<h3>3.\u00a0\u00a0 Il Responsabile della protezione dei dati personali<\/h3>\n<p>Il Comune di \u00a0Comune di Praia a Mare ha designato quale Responsabile della protezione dei dati la societ\u00e0 <a href=\"http:\/\/www.asmenetcalabria.it\/index.php\/it\/\">ASMENET CALABRIA S.C.A.R.L.<\/a> (<a href=\"mailto:supporto.asmenet@asmepec.it\">asmenetcalabria@asmepec.it<\/a>)<\/p>\n<p>&nbsp;<\/p>\n<h3>4.\u00a0\u00a0 Responsabili del trattamento<\/h3>\n<p>L\u2019Ente pu\u00f2 avvalersi di soggetti terzi per l\u2019espletamento di attivit\u00e0 e relativi trattamenti di dati personali di cui l\u2019Ente ha la titolarit\u00e0. Conformemente a quanto stabilito dalla normativa, tali soggetti assicurano livelli esperienza, capacit\u00e0 e affidabilit\u00e0 tali da garantire il rispetto delle vigenti disposizioni in materia di trattamento, ivi compreso il profilo della sicurezza dei dati.<br \/>\nVengono formalizzate da parte dell\u2019Ente istruzioni, compiti ed oneri in capo a tali soggetti terzi con la designazione degli stessi a &#8220;Responsabili del trattamento&#8221;. Vengono sottoposti tali soggetti a verifiche periodiche al fine di constatare il mantenimento dei livelli di garanzia registrati in occasione dell\u2019affidamento dell\u2019incarico iniziale.<\/p>\n<p>&nbsp;<\/p>\n<h3>5.\u00a0\u00a0 Soggetti autorizzati al trattamento<\/h3>\n<p>I Suoi dati personali sono trattati da personale interno previamente autorizzato e designato quale incaricato del trattamento, a cui sono impartite idonee istruzioni in ordine a misure, accorgimenti, modus operandi, tutti volti alla concreta tutela dei tuoi dati personali.<\/p>\n<p>&nbsp;<\/p>\n<h3>6.\u00a0\u00a0 Finalit\u00e0 e base giuridica del trattamento<\/h3>\n<p>Il trattamento dei suoi dati personali viene effettuato dal Comune di Praia a Mare per lo svolgimento di funzioni istituzionali e, pertanto, ai sensi dell\u2019art. 6 comma 1 lett. e) non necessita del suo consenso.<\/p>\n<p>I dati personali sono in relazione al procedimento ed alle attivit\u00e0 correlate.<\/p>\n<p>&nbsp;<\/p>\n<h3>7.\u00a0\u00a0 Destinatari dei dati personali<\/h3>\n<p>I suoi dati personali potranno essere comunicati ad altri Enti competenti di cui si avvale il Comune, al solo scopo di procedere all\u2019istruttoria della pratica.<\/p>\n<p>&nbsp;<\/p>\n<h3>8.\u00a0\u00a0 Trasferimento dei dati personali a Paesi extra UE<\/h3>\n<p>I suoi dati personali non sono trasferiti al di fuori dell\u2019Unione europea.<\/p>\n<p>&nbsp;<\/p>\n<h3>9.\u00a0\u00a0 Periodo di conservazione<\/h3>\n<p>I suoi dati sono conservati per un periodo non superiore a quello necessario per il perseguimento delle finalit\u00e0 sopra menzionate. A tal fine, anche mediante controlli periodici, viene verificata costantemente la stretta pertinenza, non eccedenza e indispensabilit\u00e0 dei dati rispetto al rapporto, alla prestazione o all&#8217;incarico in corso, da instaurare o cessati, anche con riferimento ai dati che Lei fornisce di propria iniziativa. I dati che, anche a seguito delle verifiche, risultano eccedenti o non pertinenti o non indispensabili non sono utilizzati, salvo che per l&#8217;eventuale conservazione, a norma di legge, dell&#8217;atto o del documento che li contiene.<\/p>\n<p>&nbsp;<\/p>\n<h3>10.\u00a0\u00a0\u00a0 I suoi diritti<\/h3>\n<p>Nella sua qualit\u00e0 di interessato,\u00a0Lei potr\u00e0, in qualsiasi momento, esercitare i\u00a0<span lang=\"zxx\" xml:lang=\"zxx\"><u><strong>diritti<\/strong><\/u><\/span>:<\/p>\n<ul>\n<li>di richiedere maggiori informazioni in relazione ai contenuti della presente informativa<\/li>\n<li>di accesso ai dati personali;<\/li>\n<li>di ottenere la rettifica o la cancellazione degli stessi o la limitazione del trattamento che lo riguardano (nei casi previsti dalla normativa);<\/li>\n<li>di opporsi al trattamento (nei casi previsti dalla normativa);<\/li>\n<li>alla portabilit\u00e0 dei dati (nei casi previsti dalla normativa);<\/li>\n<li>di revocare il consenso, ove previsto; la revoca del consenso non pregiudica la liceit\u00e0 del trattamento basata sul consenso conferito prima della revoca;<\/li>\n<li>di proporre reclamo all&#8217;autorit\u00e0 di controllo (Garante Privacy);<\/li>\n<li>di dare mandato a un organismo, un&#8217;organizzazione o un&#8217;associazione senza scopo di lucro per l&#8217;esercizio dei suoi diritti;<\/li>\n<li>di richiedere il risarcimento dei danni conseguenti alla violazione della normativa.<\/li>\n<\/ul>\n<p>&nbsp;<\/p>\n<h3>11.\u00a0\u00a0\u00a0 Conferimento dei dati<\/h3>\n<p>Il conferimento dei Suoi dati \u00e8 facoltativo, ma necessario per le finalit\u00e0 sopra indicate. Il mancato conferimento comporter\u00e0 l\u2019impossibilit\u00e0 di procedere all\u2019istruttoria da Lei richiesta.<\/p>\n\n<p><a href=\"https:\/\/centroprivacy.asmecal.it\/praiaamare\/wp-content\/uploads\/sites\/203\/2019\/10\/accesso_civico_Praia-a-Mare-CS.pdf\">ACCESSO CIVICO<\/a><br \/>\n<a href=\"https:\/\/centroprivacy.asmecal.it\/praiaamare\/wp-content\/uploads\/sites\/203\/2019\/10\/accordi_convenzioni_Praia-a-Mare-CS.pdf\">ACCORDI CONVENZIONI<\/a><br \/>\n<a href=\"https:\/\/centroprivacy.asmecal.it\/praiaamare\/wp-content\/uploads\/sites\/203\/2019\/10\/albo_pretorio_Praia-a-Mare-CS.pdf\">ALBO PRETORIO<\/a><br \/>\n<a href=\"https:\/\/centroprivacy.asmecal.it\/praiaamare\/wp-content\/uploads\/sites\/203\/2019\/10\/alimenti_bevande_Praia-a-Mare-CS.pdf\">ALIMENTI BEVANDE<\/a><br \/>\n<a href=\"https:\/\/centroprivacy.asmecal.it\/praiaamare\/wp-content\/uploads\/sites\/203\/2019\/10\/ambiente_Praia-a-Mare-CS.pdf\">AMBIENTE<\/a><br \/>\n<a href=\"https:\/\/centroprivacy.asmecal.it\/praiaamare\/wp-content\/uploads\/sites\/203\/2019\/10\/anagrafe_Praia-a-Mare-CS.pdf\">ANAGRAFE<\/a><br \/>\n<a href=\"https:\/\/centroprivacy.asmecal.it\/praiaamare\/wp-content\/uploads\/sites\/203\/2019\/10\/animali_Praia-a-Mare-CS.pdf\">ANIMALI<\/a><br \/>\n<a href=\"https:\/\/centroprivacy.asmecal.it\/praiaamare\/wp-content\/uploads\/sites\/203\/2019\/10\/archiovio_protocollo_Praia-a-Mare-CS.pdf\">ARCHIOVIO PROTOCOLLO<\/a><br \/>\n<a href=\"https:\/\/centroprivacy.asmecal.it\/praiaamare\/wp-content\/uploads\/sites\/203\/2019\/10\/asili_nido_Praia-a-Mare-CS.pdf\">ASILI NIDO<\/a><br \/>\n<a href=\"https:\/\/centroprivacy.asmecal.it\/praiaamare\/wp-content\/uploads\/sites\/203\/2019\/10\/assegnazioni_Praia-a-Mare-CS.pdf\">ASSEGNAZIONI<\/a><br \/>\n<a href=\"https:\/\/centroprivacy.asmecal.it\/praiaamare\/wp-content\/uploads\/sites\/203\/2019\/10\/attivita_amatoriali_Praia-a-Mare-CS.pdf\">ATTIVITA AMATORIALI<\/a><br \/>\n<a href=\"https:\/\/centroprivacy.asmecal.it\/praiaamare\/wp-content\/uploads\/sites\/203\/2019\/10\/autorizzazioni_pubblica_sicurezza_Praia-a-Mare-CS.pdf\">AUTORIZZAZIONI PUBBLICA SICUREZZA<\/a><br \/>\n<a href=\"https:\/\/centroprivacy.asmecal.it\/praiaamare\/wp-content\/uploads\/sites\/203\/2019\/10\/autorizzazioni_Praia-a-Mare-CS.pdf\">AUTORIZZAZIONI<\/a><br \/>\n<a href=\"https:\/\/centroprivacy.asmecal.it\/praiaamare\/wp-content\/uploads\/sites\/203\/2019\/10\/biblioteca_archivio_Praia-a-Mare-CS.pdf\">BIBLIOTECA ARCHIVIO<\/a><br \/>\n<a href=\"https:\/\/centroprivacy.asmecal.it\/praiaamare\/wp-content\/uploads\/sites\/203\/2019\/10\/biblioteca_Praia-a-Mare-CS.pdf\">BIBLIOTECA<\/a><br \/>\n<a href=\"https:\/\/centroprivacy.asmecal.it\/praiaamare\/wp-content\/uploads\/sites\/203\/2019\/10\/cimitero_Praia-a-Mare-CS.pdf\">CIMITERO<\/a><br \/>\n<a href=\"https:\/\/centroprivacy.asmecal.it\/praiaamare\/wp-content\/uploads\/sites\/203\/2019\/10\/commercio_agricoltura_Praia-a-Mare-CS.pdf\">COMMERCIO AGRICOLTURA<\/a><br \/>\n<a href=\"https:\/\/centroprivacy.asmecal.it\/praiaamare\/wp-content\/uploads\/sites\/203\/2019\/10\/concessioni_Praia-a-Mare-CS.pdf\">CONCESSIONI<\/a><br \/>\n<a href=\"https:\/\/centroprivacy.asmecal.it\/praiaamare\/wp-content\/uploads\/sites\/203\/2019\/10\/conservazione_Praia-a-Mare-CS.pdf\">CONSERVAZIONE<\/a><br \/>\n<a href=\"https:\/\/centroprivacy.asmecal.it\/praiaamare\/wp-content\/uploads\/sites\/203\/2019\/10\/acesso_civico_Praia-a-Mare-CS.pdf\">ACESSO CIVICO<\/a><br \/>\n<a href=\"https:\/\/centroprivacy.asmecal.it\/praiaamare\/wp-content\/uploads\/sites\/203\/2019\/10\/violazioni_sanzioni_Praia-a-Mare-CS.pdf\">VIOLAZIONI SANZIONI<\/a><br \/>\n<a href=\"https:\/\/centroprivacy.asmecal.it\/praiaamare\/wp-content\/uploads\/sites\/203\/2019\/10\/TRASPARENZA_Praia-a-Mare-CS.pdf\">TRASPARENZA<\/a><br \/>\n<a href=\"https:\/\/centroprivacy.asmecal.it\/praiaamare\/wp-content\/uploads\/sites\/203\/2019\/10\/TRAFFICO_Praia-a-Mare-CS.pdf\">TRAFFICO<\/a><br \/>\n<a href=\"https:\/\/centroprivacy.asmecal.it\/praiaamare\/wp-content\/uploads\/sites\/203\/2019\/10\/demografici_statocivile_Praia-a-Mare-CS.pdf\">DEMOGRAFICI STATOCIVILE<\/a><br \/>\n<a href=\"https:\/\/centroprivacy.asmecal.it\/praiaamare\/wp-content\/uploads\/sites\/203\/2019\/10\/DEMOGRAFICI_STATISTICA_Praia-a-Mare-CS.pdf\">DEMOGRAFICI STATISTICA<\/a><br \/>\n<a href=\"https:\/\/centroprivacy.asmecal.it\/praiaamare\/wp-content\/uploads\/sites\/203\/2019\/10\/STAFF_SINDACO_Praia-a-Mare-CS.pdf\">STAFF SINDACO<\/a><br \/>\n<a href=\"https:\/\/centroprivacy.asmecal.it\/praiaamare\/wp-content\/uploads\/sites\/203\/2019\/10\/sociale_edilizia_Praia-a-Mare-CS.pdf\">SOCIALE EDILIZIA<\/a><br \/>\n<a href=\"https:\/\/centroprivacy.asmecal.it\/praiaamare\/wp-content\/uploads\/sites\/203\/2019\/10\/sociale_agevolazioni_Praia-a-Mare-CS.pdf\">SOCIALE AGEVOLAZIONI<\/a><br \/>\n<a href=\"https:\/\/centroprivacy.asmecal.it\/praiaamare\/wp-content\/uploads\/sites\/203\/2019\/10\/sociale_tutele_Praia-a-Mare-CS.pdf\">SOCIALE TUTELE<\/a><br \/>\n<a href=\"https:\/\/centroprivacy.asmecal.it\/praiaamare\/wp-content\/uploads\/sites\/203\/2019\/10\/sociale_sostegno_Praia-a-Mare-CS.pdf\">SOCIALE SOSTEGNO<\/a><br \/>\n<a href=\"https:\/\/centroprivacy.asmecal.it\/praiaamare\/wp-content\/uploads\/sites\/203\/2019\/10\/sociale_servizi_Praia-a-Mare-CS.pdf\">SOCIALE SERVIZI<\/a><br \/>\n<a href=\"https:\/\/centroprivacy.asmecal.it\/praiaamare\/wp-content\/uploads\/sites\/203\/2019\/10\/sociale_monitoraggio_Praia-a-Mare-CS.pdf\">SOCIALE MONITORAGGIO<\/a><br \/>\n<a href=\"https:\/\/centroprivacy.asmecal.it\/praiaamare\/wp-content\/uploads\/sites\/203\/2019\/10\/sociale_minori_Praia-a-Mare-CS.pdf\">SOCIALE MINORI<\/a><br \/>\n<a href=\"https:\/\/centroprivacy.asmecal.it\/praiaamare\/wp-content\/uploads\/sites\/203\/2019\/10\/sociale_lavoro_Praia-a-Mare-CS.pdf\">SOCIALE LAVORO<\/a><br \/>\n<a href=\"https:\/\/centroprivacy.asmecal.it\/praiaamare\/wp-content\/uploads\/sites\/203\/2019\/10\/sociale_domiciliari_Praia-a-Mare-CS.pdf\">SOCIALE DOMICILIARI<\/a><br \/>\n<a href=\"https:\/\/centroprivacy.asmecal.it\/praiaamare\/wp-content\/uploads\/sites\/203\/2019\/10\/sociale_assistenza_scolastica_Praia-a-Mare-CS.pdf\">SOCIALE ASSISTENZA SCOLASTICA<\/a><br \/>\n<a href=\"https:\/\/centroprivacy.asmecal.it\/praiaamare\/wp-content\/uploads\/sites\/203\/2019\/10\/sociale_giovani_Praia-a-Mare-CS.pdf\">SOCIALE GIOVANI<\/a><br \/>\n<a href=\"https:\/\/centroprivacy.asmecal.it\/praiaamare\/wp-content\/uploads\/sites\/203\/2019\/10\/videosorveglianza_Praia-a-Mare-CS.pdf\">VIDEOSORVEGLIANZA<\/a><br \/>\n<a href=\"https:\/\/centroprivacy.asmecal.it\/praiaamare\/wp-content\/uploads\/sites\/203\/2019\/10\/sistema_informativo_Praia-a-Mare-CS.pdf\">SISTEMA INFORMATIVO<\/a><br \/>\n<a href=\"https:\/\/centroprivacy.asmecal.it\/praiaamare\/wp-content\/uploads\/sites\/203\/2019\/10\/SOCIALE_SERVIZI_Praia-a-Mare-CS.pdf\">SOCIALE SERVIZI<\/a><br \/>\n<a href=\"https:\/\/centroprivacy.asmecal.it\/praiaamare\/wp-content\/uploads\/sites\/203\/2019\/10\/SIT_Praia-a-Mare-CS.pdf\">SIT<\/a><br \/>\n<a href=\"https:\/\/centroprivacy.asmecal.it\/praiaamare\/wp-content\/uploads\/sites\/203\/2019\/10\/sicurezza_lavoro_Praia-a-Mare-CS.pdf\">SICUREZZA LAVORO<\/a><br \/>\n<a href=\"https:\/\/centroprivacy.asmecal.it\/praiaamare\/wp-content\/uploads\/sites\/203\/2019\/10\/servizi_scolastici_Praia-a-Mare-CS.pdf\">SERVIZI SCOLASTICI<\/a><br \/>\n<a href=\"https:\/\/centroprivacy.asmecal.it\/praiaamare\/wp-content\/uploads\/sites\/203\/2019\/10\/servizi_on_line_Praia-a-Mare-CS.pdf\">SERVIZI ON LINE<\/a><br \/>\n<a href=\"https:\/\/centroprivacy.asmecal.it\/praiaamare\/wp-content\/uploads\/sites\/203\/2019\/10\/servizi_a_domanda_Praia-a-Mare-CS.pdf\">SERVIZI A DOMANDA<\/a><br \/>\n<a href=\"https:\/\/centroprivacy.asmecal.it\/praiaamare\/wp-content\/uploads\/sites\/203\/2019\/10\/segnalazioni_Praia-a-Mare-CS.pdf\">SEGNALAZIONI<\/a><br \/>\n<a href=\"https:\/\/centroprivacy.asmecal.it\/praiaamare\/wp-content\/uploads\/sites\/203\/2019\/10\/riscontri_autocertificazioni_Praia-a-Mare-CS.pdf\">RISCONTRI AUTOCERTIFICAZIONI<\/a><br \/>\n<a href=\"https:\/\/centroprivacy.asmecal.it\/praiaamare\/wp-content\/uploads\/sites\/203\/2019\/10\/ricerca_finanziamenti_Praia-a-Mare-CS.pdf\">RICERCA FINANZIAMENTI<\/a><br \/>\n<a href=\"https:\/\/centroprivacy.asmecal.it\/praiaamare\/wp-content\/uploads\/sites\/203\/2019\/10\/provvedimenti_sanitari_Praia-a-Mare-CS.pdf\">PROVVEDIMENTI SANITARI<\/a><br \/>\n<a href=\"https:\/\/centroprivacy.asmecal.it\/praiaamare\/wp-content\/uploads\/sites\/203\/2019\/10\/protezione_civile_Praia-a-Mare-CS.pdf\">PROTEZIONE CIVILE<\/a><br \/>\n<a href=\"https:\/\/centroprivacy.asmecal.it\/praiaamare\/wp-content\/uploads\/sites\/203\/2019\/10\/promozione_e_informazione_Praia-a-Mare-CS.pdf\">PROMOZIONE E INFORMAZIONE<\/a><br \/>\n<a href=\"https:\/\/centroprivacy.asmecal.it\/praiaamare\/wp-content\/uploads\/sites\/203\/2019\/10\/programmazione_Praia-a-Mare-CS.pdf\">PROGRAMMAZIONE<\/a><br \/>\n<a href=\"https:\/\/centroprivacy.asmecal.it\/praiaamare\/wp-content\/uploads\/sites\/203\/2019\/10\/privacy_Praia-a-Mare-CS.pdf\">PRIVACY<\/a><br \/>\n<a href=\"https:\/\/centroprivacy.asmecal.it\/praiaamare\/wp-content\/uploads\/sites\/203\/2019\/10\/pratiche_sue_Praia-a-Mare-CS.pdf\">PRATICHE SUE<\/a><br \/>\n<a href=\"https:\/\/centroprivacy.asmecal.it\/praiaamare\/wp-content\/uploads\/sites\/203\/2019\/10\/pratiche_suap_Praia-a-Mare-CS.pdf\">PRATICHE SUAP<\/a><br \/>\n<a href=\"https:\/\/centroprivacy.asmecal.it\/praiaamare\/wp-content\/uploads\/sites\/203\/2019\/10\/polizia_giudiziario_Praia-a-Mare-CS.pdf\">POLIZIA GIUDIZIARIO<\/a><br \/>\n<a href=\"https:\/\/centroprivacy.asmecal.it\/praiaamare\/wp-content\/uploads\/sites\/203\/2019\/10\/polizia_amministrativa_Praia-a-Mare-CS.pdf\">POLIZIA AMMINISTRATIVA<\/a><br \/>\n<a href=\"https:\/\/centroprivacy.asmecal.it\/praiaamare\/wp-content\/uploads\/sites\/203\/2019\/10\/patto_territoriale_Praia-a-Mare-CS.pdf\">PATTO TERRITORIALE<\/a><br \/>\n<a href=\"https:\/\/centroprivacy.asmecal.it\/praiaamare\/wp-content\/uploads\/sites\/203\/2019\/10\/organi_istituzionali_Praia-a-Mare-CS.pdf\">ORGANI ISTITUZIONALI<\/a><br \/>\n<a href=\"https:\/\/centroprivacy.asmecal.it\/praiaamare\/wp-content\/uploads\/sites\/203\/2019\/10\/ordinanze_Praia-a-Mare-CS.pdf\">ORDINANZE<\/a><br \/>\n<a href=\"https:\/\/centroprivacy.asmecal.it\/praiaamare\/wp-content\/uploads\/sites\/203\/2019\/10\/opere_pubbliche_Praia-a-Mare-CS.pdf\">OPERE PUBBLICHE<\/a><br \/>\n<a href=\"https:\/\/centroprivacy.asmecal.it\/praiaamare\/wp-content\/uploads\/sites\/203\/2019\/10\/notizie_reato_Praia-a-Mare-CS.pdf\">NOTIZIE REATO<\/a><br \/>\n<a href=\"https:\/\/centroprivacy.asmecal.it\/praiaamare\/wp-content\/uploads\/sites\/203\/2019\/10\/notifiche_Praia-a-Mare-CS.pdf\">NOTIFICHE<\/a><br \/>\n<a href=\"https:\/\/centroprivacy.asmecal.it\/praiaamare\/wp-content\/uploads\/sites\/203\/2019\/10\/manifestazioni_Praia-a-Mare-CS.pdf\">MANIFESTAZIONI<\/a><br \/>\n<a href=\"https:\/\/centroprivacy.asmecal.it\/praiaamare\/wp-content\/uploads\/sites\/203\/2019\/10\/demografici_leva_militare_Praia-a-Mare-CS.pdf\">DEMOGRAFICI LEVA MILITARE<\/a><br \/>\n<a href=\"https:\/\/centroprivacy.asmecal.it\/praiaamare\/wp-content\/uploads\/sites\/203\/2019\/10\/demografici_giudicipopolari_Praia-a-Mare-CS.pdf\">DEMOGRAFICI GIUDICIPOPOLARI<\/a><br \/>\n<a href=\"https:\/\/centroprivacy.asmecal.it\/praiaamare\/wp-content\/uploads\/sites\/203\/2019\/10\/gestione_personale_Praia-a-Mare-CS.pdf\">GESTIONE PERSONALE<\/a><br \/>\n<a href=\"https:\/\/centroprivacy.asmecal.it\/praiaamare\/wp-content\/uploads\/sites\/203\/2019\/10\/lasciti_e_donazioni_Praia-a-Mare-CS.pdf\">LASCITI E DONAZIONI<\/a><br \/>\n<a href=\"https:\/\/centroprivacy.asmecal.it\/praiaamare\/wp-content\/uploads\/sites\/203\/2019\/10\/incidenti_stadali_Praia-a-Mare-CS.pdf\">INCIDENTI STADALI<\/a><br \/>\n<a href=\"https:\/\/centroprivacy.asmecal.it\/praiaamare\/wp-content\/uploads\/sites\/203\/2019\/10\/illeciti_edilizi_Praia-a-Mare-CS.pdf\">ILLECITI EDILIZI<\/a><br \/>\n<a href=\"https:\/\/centroprivacy.asmecal.it\/praiaamare\/wp-content\/uploads\/sites\/203\/2019\/10\/gestione_patrimonio_Praia-a-Mare-CS.pdf\">GESTIONE PATRIMONIO<\/a><br \/>\n<a href=\"https:\/\/centroprivacy.asmecal.it\/praiaamare\/wp-content\/uploads\/sites\/203\/2019\/10\/gestione_economica_Praia-a-Mare-CS.pdf\">GESTIONE ECONOMICA<\/a><br \/>\n<a href=\"https:\/\/centroprivacy.asmecal.it\/praiaamare\/wp-content\/uploads\/sites\/203\/2019\/10\/gestione_altri_oggetti_Praia-a-Mare-CS.pdf\">GESTIONE ALTRI OGGETTI<\/a><br \/>\n<a href=\"https:\/\/centroprivacy.asmecal.it\/praiaamare\/wp-content\/uploads\/sites\/203\/2019\/10\/gare_e_appalti_Praia-a-Mare-CS.pdf\">GARE E APPALTI<\/a><br \/>\n<a href=\"https:\/\/centroprivacy.asmecal.it\/praiaamare\/wp-content\/uploads\/sites\/203\/2019\/10\/esternalizzazione_Praia-a-Mare-CS.pdf\">ESTERNALIZZAZIONE<\/a><br \/>\n<a href=\"https:\/\/centroprivacy.asmecal.it\/praiaamare\/wp-content\/uploads\/sites\/203\/2019\/10\/espropri_Praia-a-Mare-CS.pdf\">ESPROPRI<\/a><br \/>\n<a href=\"https:\/\/centroprivacy.asmecal.it\/praiaamare\/wp-content\/uploads\/sites\/203\/2019\/10\/entrate_tributi_Praia-a-Mare-CS.pdf\">ENTRATE TRIBUTI<\/a><br \/>\n<a href=\"https:\/\/centroprivacy.asmecal.it\/praiaamare\/wp-content\/uploads\/sites\/203\/2019\/10\/demografici_elettorrale_Praia-a-Mare-CS.pdf\">DEMOGRAFICI ELETTORALE<\/a><br \/>\n<a href=\"https:\/\/centroprivacy.asmecal.it\/praiaamare\/wp-content\/uploads\/sites\/203\/2019\/10\/controllo_partecipate_Praia-a-Mare-CS.pdf\">CONTROLLO PARTECIPATE<\/a><br \/>\n<a href=\"https:\/\/centroprivacy.asmecal.it\/praiaamare\/wp-content\/uploads\/sites\/203\/2019\/10\/controllo_accessi_Praia-a-Mare-CS.pdf\">CONTROLLO ACCESSI<\/a><br \/>\n<a href=\"https:\/\/centroprivacy.asmecal.it\/praiaamare\/wp-content\/uploads\/sites\/203\/2019\/10\/contributi_Praia-a-Mare-CS.pdf\">CONTRIBUTI<\/a><br \/>\n<a href=\"https:\/\/centroprivacy.asmecal.it\/praiaamare\/wp-content\/uploads\/sites\/203\/2019\/10\/contratti_Praia-a-Mare-CS.pdf\">CONTRATTI<\/a><br \/>\n<a href=\"https:\/\/centroprivacy.asmecal.it\/praiaamare\/wp-content\/uploads\/sites\/203\/2019\/10\/contenzioso_Praia-a-Mare-CS.pdf\">CONTENZIOSO<\/a><br \/>\n<a href=\"https:\/\/centroprivacy.asmecal.it\/praiaamare\/wp-content\/uploads\/sites\/203\/2019\/10\/consultazioni_elettorali_Praia-a-Mare-CS.pdf\">CONSULTAZIONI ELETTORALI<\/a><\/p>\n","protected":false},"excerpt":{"rendered":"<p>ACCESSO CIVICO ACCORDI CONVENZIONI ALBO PRETORIO ALIMENTI BEVANDE AMBIENTE ANAGRAFE ANIMALI ARCHIOVIO PROTOCOLLO ASILI NIDO ASSEGNAZIONI ATTIVITA AMATORIALI AUTORIZZAZIONI PUBBLICA SICUREZZA AUTORIZZAZIONI BIBLIOTECA ARCHIVIO BIBLIOTECA CIMITERO COMMERCIO AGRICOLTURA CONCESSIONI CONSERVAZIONE ACESSO CIVICO VIOLAZIONI SANZIONI TRASPARENZA TRAFFICO DEMOGRAFICI STATOCIVILE DEMOGRAFICI STATISTICA STAFF SINDACO SOCIALE EDILIZIA SOCIALE AGEVOLAZIONI SOCIALE TUTELE SOCIALE SOSTEGNO SOCIALE SERVIZI SOCIALE MONITORAGGIO SOCIALE [&hellip;]<\/p>\n","protected":false},"author":1,"featured_media":0,"parent":0,"menu_order":0,"comment_status":"closed","ping_status":"closed","template":"template-fullpage-nosidebar.php","meta":{"footnotes":""},"class_list":["post-838","page","type-page","status-publish","hentry"],"_links":{"self":[{"href":"https:\/\/centroprivacy.asmecal.it\/praiaamare\/index.php?rest_route=\/wp\/v2\/pages\/838","targetHints":{"allow":["GET"]}}],"collection":[{"href":"https:\/\/centroprivacy.asmecal.it\/praiaamare\/index.php?rest_route=\/wp\/v2\/pages"}],"about":[{"href":"https:\/\/centroprivacy.asmecal.it\/praiaamare\/index.php?rest_route=\/wp\/v2\/types\/page"}],"author":[{"embeddable":true,"href":"https:\/\/centroprivacy.asmecal.it\/praiaamare\/index.php?rest_route=\/wp\/v2\/users\/1"}],"replies":[{"embeddable":true,"href":"https:\/\/centroprivacy.asmecal.it\/praiaamare\/index.php?rest_route=%2Fwp%2Fv2%2Fcomments&post=838"}],"version-history":[{"count":2,"href":"https:\/\/centroprivacy.asmecal.it\/praiaamare\/index.php?rest_route=\/wp\/v2\/pages\/838\/revisions"}],"predecessor-version":[{"id":992,"href":"https:\/\/centroprivacy.asmecal.it\/praiaamare\/index.php?rest_route=\/wp\/v2\/pages\/838\/revisions\/992"}],"wp:attachment":[{"href":"https:\/\/centroprivacy.asmecal.it\/praiaamare\/index.php?rest_route=%2Fwp%2Fv2%2Fmedia&parent=838"}],"curies":[{"name":"wp","href":"https:\/\/api.w.org\/{rel}","templated":true}]}}