{"id":837,"date":"2018-06-07T10:18:04","date_gmt":"2018-06-07T08:18:04","guid":{"rendered":"https:\/\/centroprivacy.asmecal.it\/demo2\/?page_id=837"},"modified":"2019-11-05T16:20:25","modified_gmt":"2019-11-05T15:20:25","slug":"privacy","status":"publish","type":"page","link":"https:\/\/centroprivacy.asmecal.it\/parenti\/?page_id=837","title":{"rendered":"Privacy"},"content":{"rendered":"<h1>INFORMATIVA per il trattamento dei dati personali ai sensi dell\u2019art 13 del Regolamento europeo n. 679\/2016<\/h1>\n<p>&nbsp;<\/p>\n<h3>1. Premessa<\/h3>\n<p>Ai sensi dell\u2019art. 13 del Regolamento europeo n. 679\/2016, il\u00a0 , in qualit\u00e0 di \u201cTitolare\u201d del trattamento, \u00e8 tenuta a fornirle informazioni in merito all\u2019utilizzo dei suoi dati personali.<\/p>\n<p>&nbsp;<\/p>\n<h3>2.\u00a0\u00a0 Identit\u00e0 e i dati di contatto del titolare del trattamento<\/h3>\n<p>Il Titolare del trattamento dei dati personali di cui alla presente Informativa \u00e8 il\u00a0 , con sede in  &#8211; pec:  . il quale in qualit\u00e0 di titolare tratter\u00e0 i dati personali conferiti con modalit\u00e0 prevalentemente informatiche e telematiche, per le finalit\u00e0 previste dal Regolamento (UE) 2016\/679 (RGPD), in particolare per l&#8217;esecuzione dei propri compiti di interesse pubblico o comunque connessi all&#8217;esercizio dei propri pubblici poteri, ivi incluse le finalit\u00e0 di archiviazione, di ricerca storica e di analisi per scopi statistici.<\/p>\n<p>&nbsp;<\/p>\n<h3>3.\u00a0\u00a0 Il Responsabile della protezione dei dati personali<\/h3>\n<p>Il Comune di \u00a0 ha designato quale Responsabile della protezione dei dati la societ\u00e0 <a href=\"http:\/\/www.asmenetcalabria.it\/index.php\/it\/\">ASMENET CALABRIA S.C.A.R.L.<\/a> (<a href=\"mailto:supporto.asmenet@asmepec.it\">asmenetcalabria@asmepec.it<\/a>)<\/p>\n<p>&nbsp;<\/p>\n<h3>4.\u00a0\u00a0 Responsabili del trattamento<\/h3>\n<p>L\u2019Ente pu\u00f2 avvalersi di soggetti terzi per l\u2019espletamento di attivit\u00e0 e relativi trattamenti di dati personali di cui l\u2019Ente ha la titolarit\u00e0. Conformemente a quanto stabilito dalla normativa, tali soggetti assicurano livelli esperienza, capacit\u00e0 e affidabilit\u00e0 tali da garantire il rispetto delle vigenti disposizioni in materia di trattamento, ivi compreso il profilo della sicurezza dei dati.<br \/>\nVengono formalizzate da parte dell\u2019Ente istruzioni, compiti ed oneri in capo a tali soggetti terzi con la designazione degli stessi a &#8220;Responsabili del trattamento&#8221;. Vengono sottoposti tali soggetti a verifiche periodiche al fine di constatare il mantenimento dei livelli di garanzia registrati in occasione dell\u2019affidamento dell\u2019incarico iniziale.<\/p>\n<p>&nbsp;<\/p>\n<h3>5.\u00a0\u00a0 Soggetti autorizzati al trattamento<\/h3>\n<p>I Suoi dati personali sono trattati da personale interno previamente autorizzato e designato quale incaricato del trattamento, a cui sono impartite idonee istruzioni in ordine a misure, accorgimenti, modus operandi, tutti volti alla concreta tutela dei tuoi dati personali.<\/p>\n<p>&nbsp;<\/p>\n<h3>6.\u00a0\u00a0 Finalit\u00e0 e base giuridica del trattamento<\/h3>\n<p>Il trattamento dei suoi dati personali viene effettuato dal  per lo svolgimento di funzioni istituzionali e, pertanto, ai sensi dell\u2019art. 6 comma 1 lett. e) non necessita del suo consenso.<\/p>\n<p>I dati personali sono in relazione al procedimento ed alle attivit\u00e0 correlate.<\/p>\n<p>&nbsp;<\/p>\n<h3>7.\u00a0\u00a0 Destinatari dei dati personali<\/h3>\n<p>I suoi dati personali potranno essere comunicati ad altri Enti competenti di cui si avvale il Comune, al solo scopo di procedere all\u2019istruttoria della pratica.<\/p>\n<p>&nbsp;<\/p>\n<h3>8.\u00a0\u00a0 Trasferimento dei dati personali a Paesi extra UE<\/h3>\n<p>I suoi dati personali non sono trasferiti al di fuori dell\u2019Unione europea.<\/p>\n<p>&nbsp;<\/p>\n<h3>9.\u00a0\u00a0 Periodo di conservazione<\/h3>\n<p>I suoi dati sono conservati per un periodo non superiore a quello necessario per il perseguimento delle finalit\u00e0 sopra menzionate. A tal fine, anche mediante controlli periodici, viene verificata costantemente la stretta pertinenza, non eccedenza e indispensabilit\u00e0 dei dati rispetto al rapporto, alla prestazione o all&#8217;incarico in corso, da instaurare o cessati, anche con riferimento ai dati che Lei fornisce di propria iniziativa. I dati che, anche a seguito delle verifiche, risultano eccedenti o non pertinenti o non indispensabili non sono utilizzati, salvo che per l&#8217;eventuale conservazione, a norma di legge, dell&#8217;atto o del documento che li contiene.<\/p>\n<p>&nbsp;<\/p>\n<h3>10.\u00a0\u00a0\u00a0 I suoi diritti<\/h3>\n<p>Nella sua qualit\u00e0 di interessato,\u00a0Lei potr\u00e0, in qualsiasi momento, esercitare i\u00a0<span lang=\"zxx\" xml:lang=\"zxx\"><u><strong>diritti<\/strong><\/u><\/span>:<\/p>\n<ul>\n<li>di richiedere maggiori informazioni in relazione ai contenuti della presente informativa<\/li>\n<li>di accesso ai dati personali;<\/li>\n<li>di ottenere la rettifica o la cancellazione degli stessi o la limitazione del trattamento che lo riguardano (nei casi previsti dalla normativa);<\/li>\n<li>di opporsi al trattamento (nei casi previsti dalla normativa);<\/li>\n<li>alla portabilit\u00e0 dei dati (nei casi previsti dalla normativa);<\/li>\n<li>di revocare il consenso, ove previsto; la revoca del consenso non pregiudica la liceit\u00e0 del trattamento basata sul consenso conferito prima della revoca;<\/li>\n<li>di proporre reclamo all&#8217;autorit\u00e0 di controllo (Garante Privacy);<\/li>\n<li>di dare mandato a un organismo, un&#8217;organizzazione o un&#8217;associazione senza scopo di lucro per l&#8217;esercizio dei suoi diritti;<\/li>\n<li>di richiedere il risarcimento dei danni conseguenti alla violazione della normativa.<\/li>\n<\/ul>\n<p>&nbsp;<\/p>\n<h3>11.\u00a0\u00a0\u00a0 Conferimento dei dati<\/h3>\n<p>Il conferimento dei Suoi dati \u00e8 facoltativo, ma necessario per le finalit\u00e0 sopra indicate. Il mancato conferimento comporter\u00e0 l\u2019impossibilit\u00e0 di procedere all\u2019istruttoria da Lei richiesta.<\/p>\n\n<p><a href=\"https:\/\/centroprivacy.asmecal.it\/parenti\/wp-content\/uploads\/sites\/159\/2019\/11\/DEMOGRAFICI-STATISTICA-PARENTI-CS.pdf\">DEMOGRAFICI STATISTICA <\/a><br \/>\n<a href=\"https:\/\/centroprivacy.asmecal.it\/parenti\/wp-content\/uploads\/sites\/159\/2019\/11\/SOCIALE-EDILIZIA-PARENTI-CS.pdf\">SOCIALE EDILIZIA <\/a><br \/>\n<a href=\"https:\/\/centroprivacy.asmecal.it\/parenti\/wp-content\/uploads\/sites\/159\/2019\/11\/SOCIALE-AGEVOLAZIONI-TRIBUTARIE-PARENTI-CS.pdf\">SOCIALE AGEVOLAZIONI TRIBUTARIE <\/a><br \/>\n<a href=\"https:\/\/centroprivacy.asmecal.it\/parenti\/wp-content\/uploads\/sites\/159\/2019\/11\/SOCIALE-TUTELE-PARENTI-CS.pdf\">SOCIALE TUTELE <\/a><br \/>\n<a href=\"https:\/\/centroprivacy.asmecal.it\/parenti\/wp-content\/uploads\/sites\/159\/2019\/11\/SOCIALE-SOSTEGNO-ECONOMICO-PARENTI-CS.pdf\">SOCIALE SOSTEGNO ECONOMICO <\/a><br \/>\n<a href=\"https:\/\/centroprivacy.asmecal.it\/parenti\/wp-content\/uploads\/sites\/159\/2019\/11\/SOCIALE-SERVIZI-PARENTI-CS.pdf\">SOCIALE SERVIZI <\/a><br \/>\n<a href=\"https:\/\/centroprivacy.asmecal.it\/parenti\/wp-content\/uploads\/sites\/159\/2019\/11\/SOCIALE-MONITORAGIO-PARENTI-CS.pdf\">SOCIALE MONITORAGIO <\/a><br \/>\n<a href=\"https:\/\/centroprivacy.asmecal.it\/parenti\/wp-content\/uploads\/sites\/159\/2019\/11\/SOCIALE-MINORI-PARENTI-CS.pdf\">SOCIALE MINORI <\/a><br \/>\n<a href=\"https:\/\/centroprivacy.asmecal.it\/parenti\/wp-content\/uploads\/sites\/159\/2019\/11\/SOCIALE-LAVORO-PARENTI-CS.pdf\">SOCIALE LAVORO <\/a><br \/>\n<a href=\"https:\/\/centroprivacy.asmecal.it\/parenti\/wp-content\/uploads\/sites\/159\/2019\/11\/SOCIALE-DOMICILIARI-PARENTI-CS.pdf\">SOCIALE DOMICILIARI <\/a><br \/>\n<a href=\"https:\/\/centroprivacy.asmecal.it\/parenti\/wp-content\/uploads\/sites\/159\/2019\/11\/RICERCA-FINANZIAMENTI-PARENTI-CS.pdf\">RICERCA FINANZIAMENTI <\/a><br \/>\n<a href=\"https:\/\/centroprivacy.asmecal.it\/parenti\/wp-content\/uploads\/sites\/159\/2019\/11\/POLIZIA-GIUDIZIARIA-PARENTI-CS.pdf\">POLIZIA GIUDIZIARIA <\/a><br \/>\n<a href=\"https:\/\/centroprivacy.asmecal.it\/parenti\/wp-content\/uploads\/sites\/159\/2019\/11\/OPERE-PUBBLICHE-PARENTI-CS.pdf\">OPERE PUBBLICHE <\/a><br \/>\n<a href=\"https:\/\/centroprivacy.asmecal.it\/parenti\/wp-content\/uploads\/sites\/159\/2019\/11\/DEMOGRAFICI_LEVA-MILITARE-PARENTI-CS.pdf\">DEMOGRAFICI_LEVA MILITARE <\/a><br \/>\n<a href=\"https:\/\/centroprivacy.asmecal.it\/parenti\/wp-content\/uploads\/sites\/159\/2019\/11\/LASCITI-E-DONAZIONI-PARENTI-CS.pdf\">LASCITI E DONAZIONI <\/a><br \/>\n<a href=\"https:\/\/centroprivacy.asmecal.it\/parenti\/wp-content\/uploads\/sites\/159\/2019\/11\/INCIDENTI-STRADALI-PARENTI-CS.pdf\">INCIDENTI STRADALI <\/a><br \/>\n<a href=\"https:\/\/centroprivacy.asmecal.it\/parenti\/wp-content\/uploads\/sites\/159\/2019\/11\/GIUDICI-POPOLARI-PARENTI-CS.pdf\">GIUDICI POPOLARI <\/a><br \/>\n<a href=\"https:\/\/centroprivacy.asmecal.it\/parenti\/wp-content\/uploads\/sites\/159\/2019\/11\/GESTIONE-PERSONALE-PARENTI-CS.pdf\">GESTIONE PERSONALE <\/a><br \/>\n<a href=\"https:\/\/centroprivacy.asmecal.it\/parenti\/wp-content\/uploads\/sites\/159\/2019\/11\/GESTIONE-ECONOMICA-PARENTI-CS.pdf\">GESTIONE ECONOMICA <\/a><br \/>\n<a href=\"https:\/\/centroprivacy.asmecal.it\/parenti\/wp-content\/uploads\/sites\/159\/2019\/11\/GESTIONE-ALTRI-SOGGETTI-PARENTI-CS.pdf\">GESTIONE ALTRI SOGGETTI <\/a><br \/>\n<a href=\"https:\/\/centroprivacy.asmecal.it\/parenti\/wp-content\/uploads\/sites\/159\/2019\/11\/GARE-E-APPALTI-PARENTI-CS.pdf\">GARE E APPALTI <\/a><br \/>\n<a href=\"https:\/\/centroprivacy.asmecal.it\/parenti\/wp-content\/uploads\/sites\/159\/2019\/11\/ESPROPRI-PARENTI-CS.pdf\">ESPROPRI <\/a><br \/>\n<a href=\"https:\/\/centroprivacy.asmecal.it\/parenti\/wp-content\/uploads\/sites\/159\/2019\/11\/ENTRATE-TRIBUTI-PARENTI-CS.pdf\">ENTRATE TRIBUTI <\/a><br \/>\n<a href=\"https:\/\/centroprivacy.asmecal.it\/parenti\/wp-content\/uploads\/sites\/159\/2019\/11\/DEMOGRAFIC_ELETTORALE-PARENTI-CS.pdf\">DEMOGRAFIC_ELETTORALE <\/a><br \/>\n<a href=\"https:\/\/centroprivacy.asmecal.it\/parenti\/wp-content\/uploads\/sites\/159\/2019\/11\/DEMOCRAZIA-PARTECIPATIVA-PARENTI-CS.pdf\">DEMOCRAZIA PARTECIPATIVA <\/a><br \/>\n<a href=\"https:\/\/centroprivacy.asmecal.it\/parenti\/wp-content\/uploads\/sites\/159\/2019\/11\/CONTROLLO-PARTECIPATE-PARENTI-CS.pdf\">CONTROLLO PARTECIPATE <\/a><br \/>\n<a href=\"https:\/\/centroprivacy.asmecal.it\/parenti\/wp-content\/uploads\/sites\/159\/2019\/11\/CONTROLLO-ACCESSI-PARENTI-CS.pdf\">CONTROLLO ACCESSI <\/a><br \/>\n<a href=\"https:\/\/centroprivacy.asmecal.it\/parenti\/wp-content\/uploads\/sites\/159\/2019\/11\/CONSERVAZIONE-SOSTITUTIVA-PARENTI-CS.pdf\">CONSERVAZIONE SOSTITUTIVA <\/a><br \/>\n<a href=\"https:\/\/centroprivacy.asmecal.it\/parenti\/wp-content\/uploads\/sites\/159\/2019\/11\/CONSULTAZIONI-ELETTORALI-PARENTI-CS.pdf\">CONSULTAZIONI ELETTORALI <\/a><br \/>\n<a href=\"https:\/\/centroprivacy.asmecal.it\/parenti\/wp-content\/uploads\/sites\/159\/2019\/11\/COMMERCIO-E-AGRICOLTURA-PARENTI-CS.pdf\">COMMERCIO E AGRICOLTURA <\/a><br \/>\n<a href=\"https:\/\/centroprivacy.asmecal.it\/parenti\/wp-content\/uploads\/sites\/159\/2019\/11\/BIBLIOTECA_ARCHIVIO-STORICO-PARENTI-CS.pdf\">BIBLIOTECA_ARCHIVIO STORICO <\/a><br \/>\n<a href=\"https:\/\/centroprivacy.asmecal.it\/parenti\/wp-content\/uploads\/sites\/159\/2019\/11\/AUTORIZZAZIONE-PUBBLICA-SICUREZZA-PARENTI-CS.pdf\">AUTORIZZAZIONE PUBBLICA SICUREZZA <\/a><br \/>\n<a href=\"https:\/\/centroprivacy.asmecal.it\/parenti\/wp-content\/uploads\/sites\/159\/2019\/11\/ATTIVITA\u2019-ANIMATORIALI-PARENTI-CS.pdf\">ATTIVITA\u2019 ANIMATORIALI <\/a><br \/>\n<a href=\"https:\/\/centroprivacy.asmecal.it\/parenti\/wp-content\/uploads\/sites\/159\/2019\/11\/ASSICURAZIONI-PARENTI-CS.pdf\">ASSICURAZIONI <\/a><br \/>\n<a href=\"https:\/\/centroprivacy.asmecal.it\/parenti\/wp-content\/uploads\/sites\/159\/2019\/11\/ASSEGNAZIONI-PARENTI-CS.pdf\">ASSEGNAZIONI <\/a><br \/>\n<a href=\"https:\/\/centroprivacy.asmecal.it\/parenti\/wp-content\/uploads\/sites\/159\/2019\/11\/ASILI-NIDO-PARENTI-CS.pdf\">ASILI NIDO <\/a><br \/>\n<a href=\"https:\/\/centroprivacy.asmecal.it\/parenti\/wp-content\/uploads\/sites\/159\/2019\/11\/ARCHIVIO-E-PROTOCOLLO-PARENTI-CS.pdf\">ARCHIVIO E PROTOCOLLO <\/a><br \/>\n<a href=\"https:\/\/centroprivacy.asmecal.it\/parenti\/wp-content\/uploads\/sites\/159\/2019\/11\/DEMOGRAFICI_ANAGRAFE-PARENTI-CS.pdf\">DEMOGRAFICI_ANAGRAFE <\/a><br \/>\n<a href=\"https:\/\/centroprivacy.asmecal.it\/parenti\/wp-content\/uploads\/sites\/159\/2019\/11\/AMBIENTE_RIFIUTI-PARENTI-CS.pdf\">AMBIENTE_RIFIUTI <\/a><br \/>\n<a href=\"https:\/\/centroprivacy.asmecal.it\/parenti\/wp-content\/uploads\/sites\/159\/2019\/11\/AMBIENTE-PARENTI-CS.pdf\">AMBIENTE <\/a><br \/>\n<a href=\"https:\/\/centroprivacy.asmecal.it\/parenti\/wp-content\/uploads\/sites\/159\/2019\/11\/ALIMENTI-E-BEVANDE-PARENTI-CS.pdf\">ALIMENTI E BEVANDE <\/a><br \/>\n<a href=\"https:\/\/centroprivacy.asmecal.it\/parenti\/wp-content\/uploads\/sites\/159\/2019\/11\/ALBO-PRETORIO-PARENTI-CS.pdf\">ALBO PRETORIO <\/a><br \/>\n<a href=\"https:\/\/centroprivacy.asmecal.it\/parenti\/wp-content\/uploads\/sites\/159\/2019\/11\/ACCORDI-CONVENZIONI-PARENTI-CS.pdf\">ACCORDI-CONVENZIONI <\/a><br \/>\n<a href=\"https:\/\/centroprivacy.asmecal.it\/parenti\/wp-content\/uploads\/sites\/159\/2019\/11\/ACCESSO-CIVICO-PARENTI-CS.pdf\">ACCESSO CIVICO <\/a><br \/>\n<a href=\"https:\/\/centroprivacy.asmecal.it\/parenti\/wp-content\/uploads\/sites\/159\/2019\/11\/ACCERTAMENTI-POLIZIA-MUNICIPALE-PARENTI-CS.pdf\">ACCERTAMENTI POLIZIA MUNICIPALE <\/a><\/p>\n","protected":false},"excerpt":{"rendered":"<p>DEMOGRAFICI STATISTICA SOCIALE EDILIZIA SOCIALE AGEVOLAZIONI TRIBUTARIE SOCIALE TUTELE SOCIALE SOSTEGNO ECONOMICO SOCIALE SERVIZI SOCIALE MONITORAGIO SOCIALE MINORI SOCIALE LAVORO SOCIALE DOMICILIARI RICERCA FINANZIAMENTI POLIZIA GIUDIZIARIA OPERE PUBBLICHE DEMOGRAFICI_LEVA MILITARE LASCITI E DONAZIONI INCIDENTI STRADALI GIUDICI POPOLARI GESTIONE PERSONALE GESTIONE ECONOMICA GESTIONE ALTRI SOGGETTI GARE E APPALTI ESPROPRI ENTRATE TRIBUTI DEMOGRAFIC_ELETTORALE DEMOCRAZIA PARTECIPATIVA CONTROLLO PARTECIPATE [&hellip;]<\/p>\n","protected":false},"author":1,"featured_media":0,"parent":0,"menu_order":0,"comment_status":"closed","ping_status":"closed","template":"template-fullpage-nosidebar.php","meta":{"footnotes":""},"class_list":["post-837","page","type-page","status-publish","hentry"],"_links":{"self":[{"href":"https:\/\/centroprivacy.asmecal.it\/parenti\/index.php?rest_route=\/wp\/v2\/pages\/837","targetHints":{"allow":["GET"]}}],"collection":[{"href":"https:\/\/centroprivacy.asmecal.it\/parenti\/index.php?rest_route=\/wp\/v2\/pages"}],"about":[{"href":"https:\/\/centroprivacy.asmecal.it\/parenti\/index.php?rest_route=\/wp\/v2\/types\/page"}],"author":[{"embeddable":true,"href":"https:\/\/centroprivacy.asmecal.it\/parenti\/index.php?rest_route=\/wp\/v2\/users\/1"}],"replies":[{"embeddable":true,"href":"https:\/\/centroprivacy.asmecal.it\/parenti\/index.php?rest_route=%2Fwp%2Fv2%2Fcomments&post=837"}],"version-history":[{"count":2,"href":"https:\/\/centroprivacy.asmecal.it\/parenti\/index.php?rest_route=\/wp\/v2\/pages\/837\/revisions"}],"predecessor-version":[{"id":955,"href":"https:\/\/centroprivacy.asmecal.it\/parenti\/index.php?rest_route=\/wp\/v2\/pages\/837\/revisions\/955"}],"wp:attachment":[{"href":"https:\/\/centroprivacy.asmecal.it\/parenti\/index.php?rest_route=%2Fwp%2Fv2%2Fmedia&parent=837"}],"curies":[{"name":"wp","href":"https:\/\/api.w.org\/{rel}","templated":true}]}}