{"id":837,"date":"2018-06-07T10:18:04","date_gmt":"2018-06-07T08:18:04","guid":{"rendered":"https:\/\/centroprivacy.asmecal.it\/demo2\/?page_id=837"},"modified":"2019-10-18T11:36:03","modified_gmt":"2019-10-18T09:36:03","slug":"privacy","status":"publish","type":"page","link":"https:\/\/centroprivacy.asmecal.it\/filadelfia\/?page_id=837","title":{"rendered":"Privacy"},"content":{"rendered":"<h1>INFORMATIVA per il trattamento dei dati personali ai sensi dell\u2019art 13 del Regolamento europeo n. 679\/2016<\/h1>\n<p>&nbsp;<\/p>\n<h3>1. Premessa<\/h3>\n<p>Ai sensi dell\u2019art. 13 del Regolamento europeo n. 679\/2016, il\u00a0 Comune di Filadelfia, in qualit\u00e0 di \u201cTitolare\u201d del trattamento, \u00e8 tenuta a fornirle informazioni in merito all\u2019utilizzo dei suoi dati personali.<\/p>\n<p>&nbsp;<\/p>\n<h3>2.\u00a0\u00a0 Identit\u00e0 e i dati di contatto del titolare del trattamento<\/h3>\n<p>Il Titolare del trattamento dei dati personali di cui alla presente Informativa \u00e8 il\u00a0 Comune di Filadelfia, con sede in Corso Castelmonardo 94 &#8211; pec: <a href=\"mailto:protocollo.filadelfia@asmepec.it\" style=\"word-break: break-all; display: inline-block;\">protocollo.filadelfia@asmepec.it<\/a> . il quale in qualit\u00e0 di titolare tratter\u00e0 i dati personali conferiti con modalit\u00e0 prevalentemente informatiche e telematiche, per le finalit\u00e0 previste dal Regolamento (UE) 2016\/679 (RGPD), in particolare per l&#8217;esecuzione dei propri compiti di interesse pubblico o comunque connessi all&#8217;esercizio dei propri pubblici poteri, ivi incluse le finalit\u00e0 di archiviazione, di ricerca storica e di analisi per scopi statistici.<\/p>\n<p>&nbsp;<\/p>\n<h3>3.\u00a0\u00a0 Il Responsabile della protezione dei dati personali<\/h3>\n<p>Il Comune di \u00a0Comune di Filadelfia ha designato quale Responsabile della protezione dei dati la societ\u00e0 <a href=\"http:\/\/www.asmenetcalabria.it\/index.php\/it\/\">ASMENET CALABRIA S.C.A.R.L.<\/a> (<a href=\"mailto:supporto.asmenet@asmepec.it\">asmenetcalabria@asmepec.it<\/a>)<\/p>\n<p>&nbsp;<\/p>\n<h3>4.\u00a0\u00a0 Responsabili del trattamento<\/h3>\n<p>L\u2019Ente pu\u00f2 avvalersi di soggetti terzi per l\u2019espletamento di attivit\u00e0 e relativi trattamenti di dati personali di cui l\u2019Ente ha la titolarit\u00e0. Conformemente a quanto stabilito dalla normativa, tali soggetti assicurano livelli esperienza, capacit\u00e0 e affidabilit\u00e0 tali da garantire il rispetto delle vigenti disposizioni in materia di trattamento, ivi compreso il profilo della sicurezza dei dati.<br \/>\nVengono formalizzate da parte dell\u2019Ente istruzioni, compiti ed oneri in capo a tali soggetti terzi con la designazione degli stessi a &#8220;Responsabili del trattamento&#8221;. Vengono sottoposti tali soggetti a verifiche periodiche al fine di constatare il mantenimento dei livelli di garanzia registrati in occasione dell\u2019affidamento dell\u2019incarico iniziale.<\/p>\n<p>&nbsp;<\/p>\n<h3>5.\u00a0\u00a0 Soggetti autorizzati al trattamento<\/h3>\n<p>I Suoi dati personali sono trattati da personale interno previamente autorizzato e designato quale incaricato del trattamento, a cui sono impartite idonee istruzioni in ordine a misure, accorgimenti, modus operandi, tutti volti alla concreta tutela dei tuoi dati personali.<\/p>\n<p>&nbsp;<\/p>\n<h3>6.\u00a0\u00a0 Finalit\u00e0 e base giuridica del trattamento<\/h3>\n<p>Il trattamento dei suoi dati personali viene effettuato dal Comune di Filadelfia per lo svolgimento di funzioni istituzionali e, pertanto, ai sensi dell\u2019art. 6 comma 1 lett. e) non necessita del suo consenso.<\/p>\n<p>I dati personali sono in relazione al procedimento ed alle attivit\u00e0 correlate.<\/p>\n<p>&nbsp;<\/p>\n<h3>7.\u00a0\u00a0 Destinatari dei dati personali<\/h3>\n<p>I suoi dati personali potranno essere comunicati ad altri Enti competenti di cui si avvale il Comune, al solo scopo di procedere all\u2019istruttoria della pratica.<\/p>\n<p>&nbsp;<\/p>\n<h3>8.\u00a0\u00a0 Trasferimento dei dati personali a Paesi extra UE<\/h3>\n<p>I suoi dati personali non sono trasferiti al di fuori dell\u2019Unione europea.<\/p>\n<p>&nbsp;<\/p>\n<h3>9.\u00a0\u00a0 Periodo di conservazione<\/h3>\n<p>I suoi dati sono conservati per un periodo non superiore a quello necessario per il perseguimento delle finalit\u00e0 sopra menzionate. A tal fine, anche mediante controlli periodici, viene verificata costantemente la stretta pertinenza, non eccedenza e indispensabilit\u00e0 dei dati rispetto al rapporto, alla prestazione o all&#8217;incarico in corso, da instaurare o cessati, anche con riferimento ai dati che Lei fornisce di propria iniziativa. I dati che, anche a seguito delle verifiche, risultano eccedenti o non pertinenti o non indispensabili non sono utilizzati, salvo che per l&#8217;eventuale conservazione, a norma di legge, dell&#8217;atto o del documento che li contiene.<\/p>\n<p>&nbsp;<\/p>\n<h3>10.\u00a0\u00a0\u00a0 I suoi diritti<\/h3>\n<p>Nella sua qualit\u00e0 di interessato,\u00a0Lei potr\u00e0, in qualsiasi momento, esercitare i\u00a0<span lang=\"zxx\" xml:lang=\"zxx\"><u><strong>diritti<\/strong><\/u><\/span>:<\/p>\n<ul>\n<li>di richiedere maggiori informazioni in relazione ai contenuti della presente informativa<\/li>\n<li>di accesso ai dati personali;<\/li>\n<li>di ottenere la rettifica o la cancellazione degli stessi o la limitazione del trattamento che lo riguardano (nei casi previsti dalla normativa);<\/li>\n<li>di opporsi al trattamento (nei casi previsti dalla normativa);<\/li>\n<li>alla portabilit\u00e0 dei dati (nei casi previsti dalla normativa);<\/li>\n<li>di revocare il consenso, ove previsto; la revoca del consenso non pregiudica la liceit\u00e0 del trattamento basata sul consenso conferito prima della revoca;<\/li>\n<li>di proporre reclamo all&#8217;autorit\u00e0 di controllo (Garante Privacy);<\/li>\n<li>di dare mandato a un organismo, un&#8217;organizzazione o un&#8217;associazione senza scopo di lucro per l&#8217;esercizio dei suoi diritti;<\/li>\n<li>di richiedere il risarcimento dei danni conseguenti alla violazione della normativa.<\/li>\n<\/ul>\n<p>&nbsp;<\/p>\n<h3>11.\u00a0\u00a0\u00a0 Conferimento dei dati<\/h3>\n<p>Il conferimento dei Suoi dati \u00e8 facoltativo, ma necessario per le finalit\u00e0 sopra indicate. Il mancato conferimento comporter\u00e0 l\u2019impossibilit\u00e0 di procedere all\u2019istruttoria da Lei richiesta.<\/p>\n\n<p>&nbsp;<\/p>\n<p><a href=\"https:\/\/centroprivacy.asmecal.it\/filadelfia\/wp-content\/uploads\/sites\/51\/2019\/10\/accesso_civico_Filadelfia-VV.pdf\">ACCESSO CIVICO<\/a><\/p>\n<p><a href=\"https:\/\/centroprivacy.asmecal.it\/filadelfia\/wp-content\/uploads\/sites\/51\/2019\/10\/accordi_convenzioni_Filadelfia-VV.pdf\">ACCORDI CONVENZIONI<\/a><\/p>\n<p><a href=\"https:\/\/centroprivacy.asmecal.it\/filadelfia\/wp-content\/uploads\/sites\/51\/2019\/10\/acesso_civico_Filadelfia-VV.pdf\">ACESSO CIVICO<\/a><\/p>\n<p><a href=\"https:\/\/centroprivacy.asmecal.it\/filadelfia\/wp-content\/uploads\/sites\/51\/2019\/10\/albo_pretorio_Filadelfia-VV.pdf\">ALBO PRETORIO<\/a><\/p>\n<p><a href=\"https:\/\/centroprivacy.asmecal.it\/filadelfia\/wp-content\/uploads\/sites\/51\/2019\/10\/alimenti_bevande_Filadelfia-VV.pdf\">ALIMENTI BEVANDE<\/a><\/p>\n<p><a href=\"https:\/\/centroprivacy.asmecal.it\/filadelfia\/wp-content\/uploads\/sites\/51\/2019\/10\/ambiente_Filadelfia-VV.pdf\">AMBIENTE<\/a><\/p>\n<p><a href=\"https:\/\/centroprivacy.asmecal.it\/filadelfia\/wp-content\/uploads\/sites\/51\/2019\/10\/anagrafe_Filadelfia-VV.pdf\">ANAGRAFE<\/a><\/p>\n<p><a href=\"https:\/\/centroprivacy.asmecal.it\/filadelfia\/wp-content\/uploads\/sites\/51\/2019\/10\/animali_Filadelfia-VV.pdf\">ANIMALI<\/a><\/p>\n<p><a href=\"https:\/\/centroprivacy.asmecal.it\/filadelfia\/wp-content\/uploads\/sites\/51\/2019\/10\/archiovio_protocollo_Filadelfia-VV.pdf\">ARCHIOVIO PROTOCOLLO<\/a><\/p>\n<p><a href=\"https:\/\/centroprivacy.asmecal.it\/filadelfia\/wp-content\/uploads\/sites\/51\/2019\/10\/asili_nido_Filadelfia-VV.pdf\">ASILI NIDO<\/a><\/p>\n<p><a href=\"https:\/\/centroprivacy.asmecal.it\/filadelfia\/wp-content\/uploads\/sites\/51\/2019\/10\/assegnazioni_Filadelfia-VV.pdf\">ASSEGNAZIONI<\/a><\/p>\n<p><a href=\"https:\/\/centroprivacy.asmecal.it\/filadelfia\/wp-content\/uploads\/sites\/51\/2019\/10\/attivita_amatoriali_Filadelfia-VV.pdf\">ATTIVITA AMATORIALI<\/a><\/p>\n<p><a href=\"https:\/\/centroprivacy.asmecal.it\/filadelfia\/wp-content\/uploads\/sites\/51\/2019\/10\/autorizzazioni_Filadelfia-VV.pdf\">AUTORIZZAZIONI<\/a><\/p>\n<p><a href=\"https:\/\/centroprivacy.asmecal.it\/filadelfia\/wp-content\/uploads\/sites\/51\/2019\/10\/autorizzazioni_pubblica_sicurezza_Filadelfia-VV.pdf\">AUTORIZZAZIONI PUBBLICA SICUREZZA<\/a><\/p>\n<p><a href=\"https:\/\/centroprivacy.asmecal.it\/filadelfia\/wp-content\/uploads\/sites\/51\/2019\/10\/biblioteca_Filadelfia-VV.pdf\">BIBLIOTECA<\/a><\/p>\n<p><a href=\"https:\/\/centroprivacy.asmecal.it\/filadelfia\/wp-content\/uploads\/sites\/51\/2019\/10\/biblioteca_archivio_Filadelfia-VV.pdf\">BIBLIOTECA ARCHIVIO<\/a><\/p>\n<p><a href=\"https:\/\/centroprivacy.asmecal.it\/filadelfia\/wp-content\/uploads\/sites\/51\/2019\/10\/cimitero_Filadelfia-VV.pdf\">CIMITERO<\/a><\/p>\n<p><a href=\"https:\/\/centroprivacy.asmecal.it\/filadelfia\/wp-content\/uploads\/sites\/51\/2019\/10\/commercio_agricoltura_Filadelfia-VV.pdf\">COMMERCIO AGRICOLTURA<\/a><\/p>\n<p><a href=\"https:\/\/centroprivacy.asmecal.it\/filadelfia\/wp-content\/uploads\/sites\/51\/2019\/10\/concessioni_Filadelfia-VV.pdf\">CONCESSIONI<\/a><\/p>\n<p><a href=\"https:\/\/centroprivacy.asmecal.it\/filadelfia\/wp-content\/uploads\/sites\/51\/2019\/10\/conservazione_Filadelfia-VV.pdf\">CONSERVAZIONE<\/a><\/p>\n<p><a href=\"https:\/\/centroprivacy.asmecal.it\/filadelfia\/wp-content\/uploads\/sites\/51\/2019\/10\/consultazioni_elettorali_Filadelfia-VV.pdf\">CONSULTAZIONI ELETTORALI<\/a><\/p>\n<p><a href=\"https:\/\/centroprivacy.asmecal.it\/filadelfia\/wp-content\/uploads\/sites\/51\/2019\/10\/contenzioso_Filadelfia-VV.pdf\">CONTENZIOSO<\/a><\/p>\n<p><a href=\"https:\/\/centroprivacy.asmecal.it\/filadelfia\/wp-content\/uploads\/sites\/51\/2019\/10\/contratti_Filadelfia-VV.pdf\">CONTRATTI<\/a><\/p>\n<p>&nbsp;<\/p>\n<p><a href=\"https:\/\/centroprivacy.asmecal.it\/filadelfia\/wp-content\/uploads\/sites\/51\/2019\/10\/contributi_Filadelfia-VV.pdf\">CONTRIBUTI<\/a><\/p>\n<p><a href=\"https:\/\/centroprivacy.asmecal.it\/filadelfia\/wp-content\/uploads\/sites\/51\/2019\/10\/controllo_accessi_Filadelfia-VV.pdf\">CONTROLLO ACCESSI<\/a><\/p>\n<p><a href=\"https:\/\/centroprivacy.asmecal.it\/filadelfia\/wp-content\/uploads\/sites\/51\/2019\/10\/controllo_partecipate_Filadelfia-VV.pdf\">CONTROLLO PARTECIPATE<\/a><\/p>\n<p><a href=\"https:\/\/centroprivacy.asmecal.it\/filadelfia\/wp-content\/uploads\/sites\/51\/2019\/10\/demografici_elettorrale_Filadelfia-VV.pdf\">DEMOGRAFICI ELETTORRALE<\/a><\/p>\n<p><a href=\"https:\/\/centroprivacy.asmecal.it\/filadelfia\/wp-content\/uploads\/sites\/51\/2019\/10\/demografici_giudicipopolari_Filadelfia-VV.pdf\">DEMOGRAFICI GIUDICIPOPOLARI<\/a><\/p>\n<p><a href=\"https:\/\/centroprivacy.asmecal.it\/filadelfia\/wp-content\/uploads\/sites\/51\/2019\/10\/demografici_leva_militare_Filadelfia-VV.pdf\">DEMOGRAFICI LEVA MILITARE<\/a><\/p>\n<p><a href=\"https:\/\/centroprivacy.asmecal.it\/filadelfia\/wp-content\/uploads\/sites\/51\/2019\/10\/DEMOGRAFICI_STATISTICA_Filadelfia-VV.pdf\">DEMOGRAFICI STATISTICA<\/a><\/p>\n<p><a href=\"https:\/\/centroprivacy.asmecal.it\/filadelfia\/wp-content\/uploads\/sites\/51\/2019\/10\/entrate_tributi_Filadelfia-VV.pdf\">ENTRATE TRIBUTI<\/a><\/p>\n<p><a href=\"https:\/\/centroprivacy.asmecal.it\/filadelfia\/wp-content\/uploads\/sites\/51\/2019\/10\/espropri_Filadelfia-VV.pdf\">ESPROPRI<\/a><\/p>\n<p><a href=\"https:\/\/centroprivacy.asmecal.it\/filadelfia\/wp-content\/uploads\/sites\/51\/2019\/10\/esternalizzazione_Filadelfia-VV.pdf\">ESTERNALIZZAZIONE<\/a><\/p>\n<p><a href=\"https:\/\/centroprivacy.asmecal.it\/filadelfia\/wp-content\/uploads\/sites\/51\/2019\/10\/gare_e_appalti_Filadelfia-VV.pdf\">GARE E APPALTI<\/a><\/p>\n<p><a href=\"https:\/\/centroprivacy.asmecal.it\/filadelfia\/wp-content\/uploads\/sites\/51\/2019\/10\/gestione_altri_oggetti_Filadelfia-VV.pdf\">GESTIONE ALTRI OGGETTI<\/a><\/p>\n<p><a href=\"https:\/\/centroprivacy.asmecal.it\/filadelfia\/wp-content\/uploads\/sites\/51\/2019\/10\/gestione_economica_Filadelfia-VV.pdf\">GESTIONE ECONOMICA<\/a><\/p>\n<p><a href=\"https:\/\/centroprivacy.asmecal.it\/filadelfia\/wp-content\/uploads\/sites\/51\/2019\/10\/gestione_patrimonio_Filadelfia-VV.pdf\">GESTIONE PATRIMONIO<\/a><\/p>\n<p><a href=\"https:\/\/centroprivacy.asmecal.it\/filadelfia\/wp-content\/uploads\/sites\/51\/2019\/10\/gestione_personale_Filadelfia-VV.pdf\">GESTIONE PERSONALE<\/a><\/p>\n<p><a href=\"https:\/\/centroprivacy.asmecal.it\/filadelfia\/wp-content\/uploads\/sites\/51\/2019\/10\/illeciti_edilizi_Filadelfia-VV.pdf\">ILLECITI EDILIZI<\/a><\/p>\n<p><a href=\"https:\/\/centroprivacy.asmecal.it\/filadelfia\/wp-content\/uploads\/sites\/51\/2019\/10\/incidenti_stadali_Filadelfia-VV.pdf\">INCIDENTI STADALI<\/a><\/p>\n<p><a href=\"https:\/\/centroprivacy.asmecal.it\/filadelfia\/wp-content\/uploads\/sites\/51\/2019\/10\/lasciti_e_donazioni_Filadelfia-VV.pdf\">LASCITI E DONAZIONI<\/a><\/p>\n<p><a href=\"https:\/\/centroprivacy.asmecal.it\/filadelfia\/wp-content\/uploads\/sites\/51\/2019\/10\/manifestazioni_Filadelfia-VV.pdf\">MANIFESTAZIONI<\/a><\/p>\n<p><a href=\"https:\/\/centroprivacy.asmecal.it\/filadelfia\/wp-content\/uploads\/sites\/51\/2019\/10\/notifiche_Filadelfia-VV.pdf\">NOTIFICHE<\/a><\/p>\n<p><a href=\"https:\/\/centroprivacy.asmecal.it\/filadelfia\/wp-content\/uploads\/sites\/51\/2019\/10\/notizie_reato_Filadelfia-VV.pdf\">NOTIZIE REATO<\/a><\/p>\n<p><a href=\"https:\/\/centroprivacy.asmecal.it\/filadelfia\/wp-content\/uploads\/sites\/51\/2019\/10\/opere_pubbliche_Filadelfia-VV.pdf\">OPERE PUBBLICHE<\/a><\/p>\n<p><a href=\"https:\/\/centroprivacy.asmecal.it\/filadelfia\/wp-content\/uploads\/sites\/51\/2019\/10\/ordinanze_Filadelfia-VV.pdf\">ORDINANZE<\/a><\/p>\n<p><a href=\"https:\/\/centroprivacy.asmecal.it\/filadelfia\/wp-content\/uploads\/sites\/51\/2019\/10\/organi_istituzionali_Filadelfia-VV.pdf\">ORGANI ISTITUZIONALI<\/a><\/p>\n<p><a href=\"https:\/\/centroprivacy.asmecal.it\/filadelfia\/wp-content\/uploads\/sites\/51\/2019\/10\/patto_territoriale_Filadelfia-VV.pdf\">PATTO TERRITORIALE<\/a><\/p>\n<p><a href=\"https:\/\/centroprivacy.asmecal.it\/filadelfia\/wp-content\/uploads\/sites\/51\/2019\/10\/polizia_amministrativa_Filadelfia-VV.pdf\">POLIZIA AMMINISTRATIVA<\/a><\/p>\n<p><a href=\"https:\/\/centroprivacy.asmecal.it\/filadelfia\/wp-content\/uploads\/sites\/51\/2019\/10\/polizia_giudiziario_Filadelfia-VV.pdf\">POLIZIA GIUDIZIARIO<\/a><\/p>\n<p><a href=\"https:\/\/centroprivacy.asmecal.it\/filadelfia\/wp-content\/uploads\/sites\/51\/2019\/10\/pratiche_suap_Filadelfia-VV.pdf\">PRATICHE SUAP<\/a><\/p>\n<p><a href=\"https:\/\/centroprivacy.asmecal.it\/filadelfia\/wp-content\/uploads\/sites\/51\/2019\/10\/pratiche_sue_Filadelfia-VV.pdf\">PRATICHE SUE<\/a><\/p>\n<p><a href=\"https:\/\/centroprivacy.asmecal.it\/filadelfia\/wp-content\/uploads\/sites\/51\/2019\/10\/privacy_Filadelfia-VV.pdf\">PRIVACY<\/a><\/p>\n<p><a href=\"https:\/\/centroprivacy.asmecal.it\/filadelfia\/wp-content\/uploads\/sites\/51\/2019\/10\/programmazione_Filadelfia-VV.pdf\">PROGRAMMAZIONE<\/a><\/p>\n<p><a href=\"https:\/\/centroprivacy.asmecal.it\/filadelfia\/wp-content\/uploads\/sites\/51\/2019\/10\/promozione_e_informazione_Filadelfia-VV.pdf\">PROMOZIONE E INFORMAZIONE<\/a><\/p>\n<p><a href=\"https:\/\/centroprivacy.asmecal.it\/filadelfia\/wp-content\/uploads\/sites\/51\/2019\/10\/protezione_civile_Filadelfia-VV.pdf\">PROTEZIONE CIVILE<\/a><\/p>\n<p><a href=\"https:\/\/centroprivacy.asmecal.it\/filadelfia\/wp-content\/uploads\/sites\/51\/2019\/10\/provvedimenti_sanitari_Filadelfia-VV.pdf\">PROVVEDIMENTI SANITARI<\/a><\/p>\n<p><a href=\"https:\/\/centroprivacy.asmecal.it\/filadelfia\/wp-content\/uploads\/sites\/51\/2019\/10\/ricerca_finanziamenti_Filadelfia-VV.pdf\">RICERCA FINANZIAMENTI<\/a><\/p>\n<p><a href=\"https:\/\/centroprivacy.asmecal.it\/filadelfia\/wp-content\/uploads\/sites\/51\/2019\/10\/riscontri_autocertificazioni_Filadelfia-VV.pdf\">RISCONTRI AUTOCERTIFICAZIONI<\/a><\/p>\n<p><a href=\"https:\/\/centroprivacy.asmecal.it\/filadelfia\/wp-content\/uploads\/sites\/51\/2019\/10\/segnalazioni_Filadelfia-VV.pdf\">SEGNALAZIONI<\/a><\/p>\n<p><a href=\"https:\/\/centroprivacy.asmecal.it\/filadelfia\/wp-content\/uploads\/sites\/51\/2019\/10\/servizi_a_domanda_Filadelfia-VV.pdf\">SERVIZI A DOMANDA<\/a><\/p>\n<p><a href=\"https:\/\/centroprivacy.asmecal.it\/filadelfia\/wp-content\/uploads\/sites\/51\/2019\/10\/servizi_on_line_Filadelfia-VV.pdf\">SERVIZI ON LINE<\/a><\/p>\n<p><a href=\"https:\/\/centroprivacy.asmecal.it\/filadelfia\/wp-content\/uploads\/sites\/51\/2019\/10\/servizi_scolastici_Filadelfia-VV.pdf\">SERVIZI SCOLASTICI<\/a><\/p>\n<p><a href=\"https:\/\/centroprivacy.asmecal.it\/filadelfia\/wp-content\/uploads\/sites\/51\/2019\/10\/sicurezza_lavoro_Filadelfia-VV.pdf\">SICUREZZA LAVORO<\/a><\/p>\n<p><a href=\"https:\/\/centroprivacy.asmecal.it\/filadelfia\/wp-content\/uploads\/sites\/51\/2019\/10\/sistema_informativo_Filadelfia-VV.pdf\">SISTEMA INFORMATIVO<\/a><\/p>\n<p><a href=\"https:\/\/centroprivacy.asmecal.it\/filadelfia\/wp-content\/uploads\/sites\/51\/2019\/10\/SIT_Filadelfia-VV.pdf\">SIT<\/a><\/p>\n<p><a href=\"https:\/\/centroprivacy.asmecal.it\/filadelfia\/wp-content\/uploads\/sites\/51\/2019\/10\/sociale_agevolazioni_Filadelfia-VV.pdf\">SOCIALE AGEVOLAZIONI<\/a><\/p>\n<p><a href=\"https:\/\/centroprivacy.asmecal.it\/filadelfia\/wp-content\/uploads\/sites\/51\/2019\/10\/sociale_assistenza_scolastica_Filadelfia-VV.pdf\">SOCIALE ASSISTENZA SCOLASTICA<\/a><\/p>\n<p><a href=\"https:\/\/centroprivacy.asmecal.it\/filadelfia\/wp-content\/uploads\/sites\/51\/2019\/10\/sociale_domiciliari_Filadelfia-VV.pdf\">SOCIALE DOMICILIARI<\/a><\/p>\n<p><a href=\"https:\/\/centroprivacy.asmecal.it\/filadelfia\/wp-content\/uploads\/sites\/51\/2019\/10\/sociale_edilizia_Filadelfia-VV.pdf\">SOCIALE EDILIZIA<\/a><\/p>\n<p><a href=\"https:\/\/centroprivacy.asmecal.it\/filadelfia\/wp-content\/uploads\/sites\/51\/2019\/10\/sociale_giovani_Filadelfia-VV.pdf\">SOCIALE GIOVANI<\/a><\/p>\n<p><a href=\"https:\/\/centroprivacy.asmecal.it\/filadelfia\/wp-content\/uploads\/sites\/51\/2019\/10\/sociale_lavoro_Filadelfia-VV.pdf\">SOCIALE LAVORO<\/a><\/p>\n<p><a href=\"https:\/\/centroprivacy.asmecal.it\/filadelfia\/wp-content\/uploads\/sites\/51\/2019\/10\/sociale_minori_Filadelfia-VV.pdf\">SOCIALE MINORI<\/a><\/p>\n<p><a href=\"https:\/\/centroprivacy.asmecal.it\/filadelfia\/wp-content\/uploads\/sites\/51\/2019\/10\/sociale_monitoraggio_Filadelfia-VV.pdf\">SOCIALE MONITORAGGIO<\/a><\/p>\n<p><a href=\"https:\/\/centroprivacy.asmecal.it\/filadelfia\/wp-content\/uploads\/sites\/51\/2019\/10\/SOCIALE_SERVIZI_Filadelfia-VV.pdf\">SOCIALE SERVIZI<\/a><\/p>\n<p><a href=\"https:\/\/centroprivacy.asmecal.it\/filadelfia\/wp-content\/uploads\/sites\/51\/2019\/10\/SOCIALE_SERVIZI_Filadelfia-VV.pdf\">SOCIALE SERVIZI<\/a><\/p>\n<p><a href=\"https:\/\/centroprivacy.asmecal.it\/filadelfia\/wp-content\/uploads\/sites\/51\/2019\/10\/sociale_servizi_Filadelfia-VV.pdf\">SOCIALE SERVIZI<\/a><\/p>\n<p><a href=\"https:\/\/centroprivacy.asmecal.it\/filadelfia\/wp-content\/uploads\/sites\/51\/2019\/10\/sociale_sostegno_Filadelfia-VV.pdf\">SOCIALE SOSTEGNO<\/a><\/p>\n<p><a href=\"https:\/\/centroprivacy.asmecal.it\/filadelfia\/wp-content\/uploads\/sites\/51\/2019\/10\/sociale_tutele_Filadelfia-VV.pdf\">SOCIALE TUTELE<\/a><\/p>\n<p><a href=\"https:\/\/centroprivacy.asmecal.it\/filadelfia\/wp-content\/uploads\/sites\/51\/2019\/10\/STAFF_SINDACO_Filadelfia-VV.pdf\">STAFF SINDACO<\/a><\/p>\n<p><a href=\"https:\/\/centroprivacy.asmecal.it\/filadelfia\/wp-content\/uploads\/sites\/51\/2019\/10\/TRAFFICO_Filadelfia-VV.pdf\">TRAFFICO<\/a><\/p>\n<p><a href=\"https:\/\/centroprivacy.asmecal.it\/filadelfia\/wp-content\/uploads\/sites\/51\/2019\/10\/TRASPARENZA_Filadelfia-VV.pdf\">TRASPARENZA<\/a><\/p>\n<p><a href=\"https:\/\/centroprivacy.asmecal.it\/filadelfia\/wp-content\/uploads\/sites\/51\/2019\/10\/videosorveglianza_Filadelfia-VV.pdf\">VIDEOSORVEGLIANZA<\/a><\/p>\n<p><a href=\"https:\/\/centroprivacy.asmecal.it\/filadelfia\/wp-content\/uploads\/sites\/51\/2019\/10\/violazioni_sanzioni_Filadelfia-VV.pdf\">VIOLAZIONI SANZIONI<\/a><\/p>\n<p>&nbsp;<\/p>\n","protected":false},"excerpt":{"rendered":"<p>&nbsp; ACCESSO CIVICO ACCORDI CONVENZIONI ACESSO CIVICO ALBO PRETORIO ALIMENTI BEVANDE AMBIENTE ANAGRAFE ANIMALI ARCHIOVIO PROTOCOLLO ASILI NIDO ASSEGNAZIONI ATTIVITA AMATORIALI AUTORIZZAZIONI AUTORIZZAZIONI PUBBLICA SICUREZZA BIBLIOTECA BIBLIOTECA ARCHIVIO CIMITERO COMMERCIO AGRICOLTURA CONCESSIONI CONSERVAZIONE CONSULTAZIONI ELETTORALI CONTENZIOSO CONTRATTI &nbsp; CONTRIBUTI CONTROLLO ACCESSI CONTROLLO PARTECIPATE DEMOGRAFICI ELETTORRALE DEMOGRAFICI GIUDICIPOPOLARI DEMOGRAFICI LEVA MILITARE DEMOGRAFICI STATISTICA ENTRATE TRIBUTI ESPROPRI [&hellip;]<\/p>\n","protected":false},"author":1,"featured_media":0,"parent":0,"menu_order":0,"comment_status":"closed","ping_status":"closed","template":"template-fullpage-nosidebar.php","meta":{"footnotes":""},"class_list":["post-837","page","type-page","status-publish","hentry"],"_links":{"self":[{"href":"https:\/\/centroprivacy.asmecal.it\/filadelfia\/index.php?rest_route=\/wp\/v2\/pages\/837","targetHints":{"allow":["GET"]}}],"collection":[{"href":"https:\/\/centroprivacy.asmecal.it\/filadelfia\/index.php?rest_route=\/wp\/v2\/pages"}],"about":[{"href":"https:\/\/centroprivacy.asmecal.it\/filadelfia\/index.php?rest_route=\/wp\/v2\/types\/page"}],"author":[{"embeddable":true,"href":"https:\/\/centroprivacy.asmecal.it\/filadelfia\/index.php?rest_route=\/wp\/v2\/users\/1"}],"replies":[{"embeddable":true,"href":"https:\/\/centroprivacy.asmecal.it\/filadelfia\/index.php?rest_route=%2Fwp%2Fv2%2Fcomments&post=837"}],"version-history":[{"count":2,"href":"https:\/\/centroprivacy.asmecal.it\/filadelfia\/index.php?rest_route=\/wp\/v2\/pages\/837\/revisions"}],"predecessor-version":[{"id":1226,"href":"https:\/\/centroprivacy.asmecal.it\/filadelfia\/index.php?rest_route=\/wp\/v2\/pages\/837\/revisions\/1226"}],"wp:attachment":[{"href":"https:\/\/centroprivacy.asmecal.it\/filadelfia\/index.php?rest_route=%2Fwp%2Fv2%2Fmedia&parent=837"}],"curies":[{"name":"wp","href":"https:\/\/api.w.org\/{rel}","templated":true}]}}