{"id":837,"date":"2018-06-07T10:18:04","date_gmt":"2018-06-07T08:18:04","guid":{"rendered":"https:\/\/centroprivacy.asmecal.it\/demo2\/?page_id=837"},"modified":"2024-11-13T15:21:32","modified_gmt":"2024-11-13T14:21:32","slug":"privacy","status":"publish","type":"page","link":"https:\/\/centroprivacy.asmecal.it\/chiaravallecentrale\/?page_id=837","title":{"rendered":"Privacy"},"content":{"rendered":"<h1>INFORMATIVA per il trattamento dei dati personali ai sensi dell\u2019art 13 del Regolamento europeo n. 679\/2016<\/h1>\n<p>&nbsp;<\/p>\n<h3>1. Premessa<\/h3>\n<p>Ai sensi dell\u2019art. 13 del Regolamento europeo n. 679\/2016, il\u00a0 Comune di Chiaravalle Centrale, in qualit\u00e0 di \u201cTitolare\u201d del trattamento, \u00e8 tenuta a fornirle informazioni in merito all\u2019utilizzo dei suoi dati personali.<\/p>\n<p>&nbsp;<\/p>\n<h3>2.\u00a0\u00a0 Identit\u00e0 e i dati di contatto del titolare del trattamento<\/h3>\n<p>Il Titolare del trattamento dei dati personali di cui alla presente Informativa \u00e8 il\u00a0 Comune di Chiaravalle Centrale, con sede in Via Salita Castello &#8211; pec: <a href=\"mailto:comunechiaravallecentrale@asmepec.it\" style=\"word-break: break-all; display: inline-block;\">comunechiaravallecentrale@asmepec.it<\/a> . il quale in qualit\u00e0 di titolare tratter\u00e0 i dati personali conferiti con modalit\u00e0 prevalentemente informatiche e telematiche, per le finalit\u00e0 previste dal Regolamento (UE) 2016\/679 (RGPD), in particolare per l&#8217;esecuzione dei propri compiti di interesse pubblico o comunque connessi all&#8217;esercizio dei propri pubblici poteri, ivi incluse le finalit\u00e0 di archiviazione, di ricerca storica e di analisi per scopi statistici.<\/p>\n<p>&nbsp;<\/p>\n<h3>3.\u00a0\u00a0 Il Responsabile della protezione dei dati personali<\/h3>\n<p>Il Comune di \u00a0Comune di Chiaravalle Centrale ha designato quale Responsabile della protezione dei dati la societ\u00e0 <a href=\"http:\/\/www.asmenetcalabria.it\/index.php\/it\/\">ASMENET CALABRIA S.C.A.R.L.<\/a> (<a href=\"mailto:supporto.asmenet@asmepec.it\">asmenetcalabria@asmepec.it<\/a>)<\/p>\n<p>&nbsp;<\/p>\n<h3>4.\u00a0\u00a0 Responsabili del trattamento<\/h3>\n<p>L\u2019Ente pu\u00f2 avvalersi di soggetti terzi per l\u2019espletamento di attivit\u00e0 e relativi trattamenti di dati personali di cui l\u2019Ente ha la titolarit\u00e0. Conformemente a quanto stabilito dalla normativa, tali soggetti assicurano livelli esperienza, capacit\u00e0 e affidabilit\u00e0 tali da garantire il rispetto delle vigenti disposizioni in materia di trattamento, ivi compreso il profilo della sicurezza dei dati.<br \/>\nVengono formalizzate da parte dell\u2019Ente istruzioni, compiti ed oneri in capo a tali soggetti terzi con la designazione degli stessi a &#8220;Responsabili del trattamento&#8221;. Vengono sottoposti tali soggetti a verifiche periodiche al fine di constatare il mantenimento dei livelli di garanzia registrati in occasione dell\u2019affidamento dell\u2019incarico iniziale.<\/p>\n<p>&nbsp;<\/p>\n<h3>5.\u00a0\u00a0 Soggetti autorizzati al trattamento<\/h3>\n<p>I Suoi dati personali sono trattati da personale interno previamente autorizzato e designato quale incaricato del trattamento, a cui sono impartite idonee istruzioni in ordine a misure, accorgimenti, modus operandi, tutti volti alla concreta tutela dei tuoi dati personali.<\/p>\n<p>&nbsp;<\/p>\n<h3>6.\u00a0\u00a0 Finalit\u00e0 e base giuridica del trattamento<\/h3>\n<p>Il trattamento dei suoi dati personali viene effettuato dal Comune di Chiaravalle Centrale per lo svolgimento di funzioni istituzionali e, pertanto, ai sensi dell\u2019art. 6 comma 1 lett. e) non necessita del suo consenso.<\/p>\n<p>I dati personali sono in relazione al procedimento ed alle attivit\u00e0 correlate.<\/p>\n<p>&nbsp;<\/p>\n<h3>7.\u00a0\u00a0 Destinatari dei dati personali<\/h3>\n<p>I suoi dati personali potranno essere comunicati ad altri Enti competenti di cui si avvale il Comune, al solo scopo di procedere all\u2019istruttoria della pratica.<\/p>\n<p>&nbsp;<\/p>\n<h3>8.\u00a0\u00a0 Trasferimento dei dati personali a Paesi extra UE<\/h3>\n<p>I suoi dati personali non sono trasferiti al di fuori dell\u2019Unione europea.<\/p>\n<p>&nbsp;<\/p>\n<h3>9.\u00a0\u00a0 Periodo di conservazione<\/h3>\n<p>I suoi dati sono conservati per un periodo non superiore a quello necessario per il perseguimento delle finalit\u00e0 sopra menzionate. A tal fine, anche mediante controlli periodici, viene verificata costantemente la stretta pertinenza, non eccedenza e indispensabilit\u00e0 dei dati rispetto al rapporto, alla prestazione o all&#8217;incarico in corso, da instaurare o cessati, anche con riferimento ai dati che Lei fornisce di propria iniziativa. I dati che, anche a seguito delle verifiche, risultano eccedenti o non pertinenti o non indispensabili non sono utilizzati, salvo che per l&#8217;eventuale conservazione, a norma di legge, dell&#8217;atto o del documento che li contiene.<\/p>\n<p>&nbsp;<\/p>\n<h3>10.\u00a0\u00a0\u00a0 I suoi diritti<\/h3>\n<p>Nella sua qualit\u00e0 di interessato,\u00a0Lei potr\u00e0, in qualsiasi momento, esercitare i\u00a0<span lang=\"zxx\" xml:lang=\"zxx\"><u><strong>diritti<\/strong><\/u><\/span>:<\/p>\n<ul>\n<li>di richiedere maggiori informazioni in relazione ai contenuti della presente informativa<\/li>\n<li>di accesso ai dati personali;<\/li>\n<li>di ottenere la rettifica o la cancellazione degli stessi o la limitazione del trattamento che lo riguardano (nei casi previsti dalla normativa);<\/li>\n<li>di opporsi al trattamento (nei casi previsti dalla normativa);<\/li>\n<li>alla portabilit\u00e0 dei dati (nei casi previsti dalla normativa);<\/li>\n<li>di revocare il consenso, ove previsto; la revoca del consenso non pregiudica la liceit\u00e0 del trattamento basata sul consenso conferito prima della revoca;<\/li>\n<li>di proporre reclamo all&#8217;autorit\u00e0 di controllo (Garante Privacy);<\/li>\n<li>di dare mandato a un organismo, un&#8217;organizzazione o un&#8217;associazione senza scopo di lucro per l&#8217;esercizio dei suoi diritti;<\/li>\n<li>di richiedere il risarcimento dei danni conseguenti alla violazione della normativa.<\/li>\n<\/ul>\n<p>&nbsp;<\/p>\n<h3>11.\u00a0\u00a0\u00a0 Conferimento dei dati<\/h3>\n<p>Il conferimento dei Suoi dati \u00e8 facoltativo, ma necessario per le finalit\u00e0 sopra indicate. Il mancato conferimento comporter\u00e0 l\u2019impossibilit\u00e0 di procedere all\u2019istruttoria da Lei richiesta.<\/p>\n\n<p><a href=\"https:\/\/centroprivacy.asmecal.it\/chiaravallecentrale\/wp-content\/uploads\/sites\/106\/2024\/11\/Accesso-agli-atti.pdf\">Accesso agli atti<\/a><br \/>\n<a href=\"https:\/\/centroprivacy.asmecal.it\/chiaravallecentrale\/wp-content\/uploads\/sites\/106\/2024\/11\/Agevolazioni-esenzioni-tributarie-o-tariffarie.pdf\">Agevolazioni, esenzioni tributarie o tariffarie<\/a><br \/>\n<a href=\"https:\/\/centroprivacy.asmecal.it\/chiaravallecentrale\/wp-content\/uploads\/sites\/106\/2024\/11\/Albo-pretorio.pdf\">Albo pretorio<\/a><br \/>\n<a href=\"https:\/\/centroprivacy.asmecal.it\/chiaravallecentrale\/wp-content\/uploads\/sites\/106\/2024\/11\/Anagrafe-canina.pdf\">Anagrafe canina<\/a><br \/>\n<a href=\"https:\/\/centroprivacy.asmecal.it\/chiaravallecentrale\/wp-content\/uploads\/sites\/106\/2024\/11\/Anagrafe.pdf\">Anagrafe<\/a><br \/>\n<a href=\"https:\/\/centroprivacy.asmecal.it\/chiaravallecentrale\/wp-content\/uploads\/sites\/106\/2024\/11\/Archivio-e-protocollo.pdf\">Archivio e protocollo<\/a><br \/>\n<a href=\"https:\/\/centroprivacy.asmecal.it\/chiaravallecentrale\/wp-content\/uploads\/sites\/106\/2024\/11\/Archivio-storico.pdf\">Archivio storico<\/a><br \/>\n<a href=\"https:\/\/centroprivacy.asmecal.it\/chiaravallecentrale\/wp-content\/uploads\/sites\/106\/2024\/11\/Assicurazioni.pdf\">Assicurazioni<\/a><br \/>\n<a href=\"https:\/\/centroprivacy.asmecal.it\/chiaravallecentrale\/wp-content\/uploads\/sites\/106\/2024\/11\/Assistenza-scolastica.pdf\">Assistenza scolastica<\/a><br \/>\n<a href=\"https:\/\/centroprivacy.asmecal.it\/chiaravallecentrale\/wp-content\/uploads\/sites\/106\/2024\/11\/Attivita-animatoriali.pdf\">Attivit\u00e0 animatoriali<\/a><br \/>\n<a href=\"https:\/\/centroprivacy.asmecal.it\/chiaravallecentrale\/wp-content\/uploads\/sites\/106\/2024\/11\/Attivita-di-commercio-settore-agricolo-ed-artigianale.pdf\">Attivit\u00e0 di commercio, settore agricolo ed artigianale<\/a><br \/>\n<a href=\"https:\/\/centroprivacy.asmecal.it\/chiaravallecentrale\/wp-content\/uploads\/sites\/106\/2024\/11\/Attivita-in-materia-di-occupazione-e-lavoro.pdf\">Attivit\u00e0 in materia di occupazione e lavoro<\/a><br \/>\n<a href=\"https:\/\/centroprivacy.asmecal.it\/chiaravallecentrale\/wp-content\/uploads\/sites\/106\/2024\/11\/Autocertificazioni.pdf\">Autocertificazioni<\/a><br \/>\n<a href=\"https:\/\/centroprivacy.asmecal.it\/chiaravallecentrale\/wp-content\/uploads\/sites\/106\/2024\/11\/Autorizzazioni-alla-somministrazione-di-alimenti-e-bevande.pdf\">Autorizzazioni alla somministrazione di alimenti e bevande<\/a><br \/>\n<a href=\"https:\/\/centroprivacy.asmecal.it\/chiaravallecentrale\/wp-content\/uploads\/sites\/106\/2024\/11\/Autorizzazioni-di-pubblica-sicurezza.pdf\">Autorizzazioni di pubblica sicurezza<\/a><br \/>\n<a href=\"https:\/\/centroprivacy.asmecal.it\/chiaravallecentrale\/wp-content\/uploads\/sites\/106\/2024\/11\/Autorizzazioni.pdf\">Autorizzazioni<\/a><br \/>\n<a href=\"https:\/\/centroprivacy.asmecal.it\/chiaravallecentrale\/wp-content\/uploads\/sites\/106\/2024\/11\/Biblioteca.pdf\">Biblioteca<\/a><br \/>\n<a href=\"https:\/\/centroprivacy.asmecal.it\/chiaravallecentrale\/wp-content\/uploads\/sites\/106\/2024\/11\/Cimiteri.pdf\">Cimiteri<\/a><br \/>\n<a href=\"https:\/\/centroprivacy.asmecal.it\/chiaravallecentrale\/wp-content\/uploads\/sites\/106\/2024\/11\/Concessione-di-benefici-economici.pdf\">Concessione di benefici economici<\/a><br \/>\n<a href=\"https:\/\/centroprivacy.asmecal.it\/chiaravallecentrale\/wp-content\/uploads\/sites\/106\/2024\/11\/Concessione-di-permessi-di-transito.pdf\">Concessione di permessi di transito<\/a><br \/>\n<a href=\"https:\/\/centroprivacy.asmecal.it\/chiaravallecentrale\/wp-content\/uploads\/sites\/106\/2024\/11\/Concessioni-temporanee-spazi-pubblici.pdf\">Concessioni temporanee spazi pubblici<\/a><br \/>\n<a href=\"https:\/\/centroprivacy.asmecal.it\/chiaravallecentrale\/wp-content\/uploads\/sites\/106\/2024\/11\/Conservazione-dei-documenti-amministrativi-informatici.pdf\">Conservazione dei documenti amministrativi informatici<\/a><br \/>\n<a href=\"https:\/\/centroprivacy.asmecal.it\/chiaravallecentrale\/wp-content\/uploads\/sites\/106\/2024\/11\/Consultazioni-elettorali-e-referendarie.pdf\">Consultazioni elettorali e referendarie<\/a><br \/>\n<a href=\"https:\/\/centroprivacy.asmecal.it\/chiaravallecentrale\/wp-content\/uploads\/sites\/106\/2024\/11\/Contenzioso.pdf\">Contenzioso<\/a><br \/>\n<a href=\"https:\/\/centroprivacy.asmecal.it\/chiaravallecentrale\/wp-content\/uploads\/sites\/106\/2024\/11\/Contratti-scritture-private-ed-incarichi.pdf\">Contratti, scritture private ed incarichi<\/a><br \/>\n<a href=\"https:\/\/centroprivacy.asmecal.it\/chiaravallecentrale\/wp-content\/uploads\/sites\/106\/2024\/11\/Contributi-per-eventi-eccezionali.pdf\">Contributi per eventi eccezionali<\/a><br \/>\n<a href=\"https:\/\/centroprivacy.asmecal.it\/chiaravallecentrale\/wp-content\/uploads\/sites\/106\/2024\/11\/Controllo-partecipate.pdf\">Controllo partecipate<\/a><br \/>\n<a href=\"https:\/\/centroprivacy.asmecal.it\/chiaravallecentrale\/wp-content\/uploads\/sites\/106\/2024\/11\/Dati-relativi-agli-organi-istituzionali-dellente.pdf\">Dati relativi agli organi istituzionali dell&#8217;ente<\/a><br \/>\n<a href=\"https:\/\/centroprivacy.asmecal.it\/chiaravallecentrale\/wp-content\/uploads\/sites\/106\/2024\/11\/Democrazia-partecipativa.pdf\">Democrazia partecipativa<\/a><br \/>\n<a href=\"https:\/\/centroprivacy.asmecal.it\/chiaravallecentrale\/wp-content\/uploads\/sites\/106\/2024\/11\/Edilizia-sociale.pdf\">Edilizia sociale<\/a><br \/>\n<a href=\"https:\/\/centroprivacy.asmecal.it\/chiaravallecentrale\/wp-content\/uploads\/sites\/106\/2024\/11\/Espropri.pdf\">Espropri<\/a><br \/>\n<a href=\"https:\/\/centroprivacy.asmecal.it\/chiaravallecentrale\/wp-content\/uploads\/sites\/106\/2024\/11\/Esternalizzazione.pdf\">Esternalizzazione<\/a><br \/>\n<a href=\"https:\/\/centroprivacy.asmecal.it\/chiaravallecentrale\/wp-content\/uploads\/sites\/106\/2024\/11\/Gare-e-appalti.pdf\">Gare e appalti<\/a><br \/>\n<a href=\"https:\/\/centroprivacy.asmecal.it\/chiaravallecentrale\/wp-content\/uploads\/sites\/106\/2024\/11\/Gestione-del-patrimonio-immobiliare-dellente.pdf\">Gestione del patrimonio immobiliare dell&#8217;ente<\/a><br \/>\n<a href=\"https:\/\/centroprivacy.asmecal.it\/chiaravallecentrale\/wp-content\/uploads\/sites\/106\/2024\/11\/Gestione-delle-entrate-tributarie-dellente.pdf\">Gestione delle entrate tributarie dell&#8217;ente<\/a><br \/>\n<a href=\"https:\/\/centroprivacy.asmecal.it\/chiaravallecentrale\/wp-content\/uploads\/sites\/106\/2024\/11\/Gestione-di-asili-nido-e-scuole-dellinfanzia-e-primaria.pdf\">Gestione di asili nido e scuole dell&#8217;infanzia e primaria<\/a><br \/>\n<a href=\"https:\/\/centroprivacy.asmecal.it\/chiaravallecentrale\/wp-content\/uploads\/sites\/106\/2024\/11\/Gestione-dipendenti.pdf\">Gestione dipendenti<\/a><br \/>\n<a href=\"https:\/\/centroprivacy.asmecal.it\/chiaravallecentrale\/wp-content\/uploads\/sites\/106\/2024\/11\/Gestione-economica-dellente.pdf\">Gestione economica dell\u2019ente<\/a><br \/>\n<a href=\"https:\/\/centroprivacy.asmecal.it\/chiaravallecentrale\/wp-content\/uploads\/sites\/106\/2024\/11\/Gestione-smaltimento-rifiuti.pdf\">Gestione smaltimento rifiuti<\/a><br \/>\n<a href=\"https:\/\/centroprivacy.asmecal.it\/chiaravallecentrale\/wp-content\/uploads\/sites\/106\/2024\/11\/Gestioni-segnalazioni.pdf\">Gestioni segnalazioni<\/a><br \/>\n<a href=\"https:\/\/centroprivacy.asmecal.it\/chiaravallecentrale\/wp-content\/uploads\/sites\/106\/2024\/11\/Giudici-popolari.pdf\">Giudici popolari<\/a><br \/>\n<a href=\"https:\/\/centroprivacy.asmecal.it\/chiaravallecentrale\/wp-content\/uploads\/sites\/106\/2024\/11\/Interventi-socio-assistenziali-domiciliari.pdf\">Interventi socio assistenziali domiciliari<\/a><br \/>\n<a href=\"https:\/\/centroprivacy.asmecal.it\/chiaravallecentrale\/wp-content\/uploads\/sites\/106\/2024\/11\/Lasciti-e-donazioni.pdf\">Lasciti e donazioni<\/a><br \/>\n<a href=\"https:\/\/centroprivacy.asmecal.it\/chiaravallecentrale\/wp-content\/uploads\/sites\/106\/2024\/11\/Liste-di-leva.pdf\">Liste di leva<\/a><br \/>\n<a href=\"https:\/\/centroprivacy.asmecal.it\/chiaravallecentrale\/wp-content\/uploads\/sites\/106\/2024\/11\/Manifestazioni-ed-eventi.pdf\">Manifestazioni ed eventi<\/a><br \/>\n<a href=\"https:\/\/centroprivacy.asmecal.it\/chiaravallecentrale\/wp-content\/uploads\/sites\/106\/2024\/11\/Messi-e-notifiche.pdf\">Messi e notifiche<\/a><br \/>\n<a href=\"https:\/\/centroprivacy.asmecal.it\/chiaravallecentrale\/wp-content\/uploads\/sites\/106\/2024\/11\/Occupazione-giovanile.pdf\">Occupazione giovanile<\/a><br \/>\n<a href=\"https:\/\/centroprivacy.asmecal.it\/chiaravallecentrale\/wp-content\/uploads\/sites\/106\/2024\/11\/Ordinanze-contingibili-ed-urgenti.pdf\">Ordinanze contingibili ed urgenti<\/a><br \/>\n<a href=\"https:\/\/centroprivacy.asmecal.it\/chiaravallecentrale\/wp-content\/uploads\/sites\/106\/2024\/11\/Politiche-Sociali-Attivita-per-i-minori.pdf\">Politiche Sociali &#8211; Attivit\u00e0 per i minori<\/a><br \/>\n<a href=\"https:\/\/centroprivacy.asmecal.it\/chiaravallecentrale\/wp-content\/uploads\/sites\/106\/2024\/11\/Polizia-amministrativa.pdf\">Polizia amministrativa<\/a><br \/>\n<a href=\"https:\/\/centroprivacy.asmecal.it\/chiaravallecentrale\/wp-content\/uploads\/sites\/106\/2024\/11\/Polizia-municipale-accertamenti.pdf\">Polizia municipale &#8211; accertamenti<\/a><br \/>\n<a href=\"https:\/\/centroprivacy.asmecal.it\/chiaravallecentrale\/wp-content\/uploads\/sites\/106\/2024\/11\/Polizia-municipale-illeciti-edilizi.pdf\">Polizia municipale &#8211; illeciti edilizi<\/a><br \/>\n<a href=\"https:\/\/centroprivacy.asmecal.it\/chiaravallecentrale\/wp-content\/uploads\/sites\/106\/2024\/11\/Polizia-municipale-incidenti-stradali.pdf\">Polizia municipale &#8211; incidenti stradali<\/a><br \/>\n<a href=\"https:\/\/centroprivacy.asmecal.it\/chiaravallecentrale\/wp-content\/uploads\/sites\/106\/2024\/11\/Polizia-municipale-notizie-di-reato.pdf\">Polizia municipale &#8211; notizie di reato<\/a><br \/>\n<a href=\"https:\/\/centroprivacy.asmecal.it\/chiaravallecentrale\/wp-content\/uploads\/sites\/106\/2024\/11\/Polizia-municipale-polizia-giudiziaria.pdf\">Polizia municipale &#8211; polizia giudiziaria<\/a><br \/>\n<a href=\"https:\/\/centroprivacy.asmecal.it\/chiaravallecentrale\/wp-content\/uploads\/sites\/106\/2024\/11\/Polizia-municipale-violazioni-e-sanzioni-amministrative-e-penali.pdf\">Polizia municipale &#8211; violazioni e sanzioni amministrative e penali<\/a><br \/>\n<a href=\"https:\/\/centroprivacy.asmecal.it\/chiaravallecentrale\/wp-content\/uploads\/sites\/106\/2024\/11\/Procedimenti-elettorali.pdf\">Procedimenti elettorali<\/a><br \/>\n<a href=\"https:\/\/centroprivacy.asmecal.it\/chiaravallecentrale\/wp-content\/uploads\/sites\/106\/2024\/11\/Programmazione-organizzazione-controllo.pdf\">Programmazione &#8211; organizzazione &#8211; controllo<\/a><br \/>\n<a href=\"https:\/\/centroprivacy.asmecal.it\/chiaravallecentrale\/wp-content\/uploads\/sites\/106\/2024\/11\/Promozione-ed-informazione.pdf\">Promozione ed informazione<\/a><br \/>\n<a href=\"https:\/\/centroprivacy.asmecal.it\/chiaravallecentrale\/wp-content\/uploads\/sites\/106\/2024\/11\/Protezione-civile.pdf\">Protezione civile<\/a><br \/>\n<a href=\"https:\/\/centroprivacy.asmecal.it\/chiaravallecentrale\/wp-content\/uploads\/sites\/106\/2024\/11\/Protezione-dei-dati-personali.pdf\">Protezione dei dati personali<\/a><br \/>\n<a href=\"https:\/\/centroprivacy.asmecal.it\/chiaravallecentrale\/wp-content\/uploads\/sites\/106\/2024\/11\/Provvedimenti-sanitari-Tso-sequestri.pdf\">Provvedimenti sanitari &#8211; Tso &#8211; sequestri<\/a><br \/>\n<a href=\"https:\/\/centroprivacy.asmecal.it\/chiaravallecentrale\/wp-content\/uploads\/sites\/106\/2024\/11\/Servizi-a-domanda-individuale.pdf\">Servizi a domanda individuale<\/a><br \/>\n<a href=\"https:\/\/centroprivacy.asmecal.it\/chiaravallecentrale\/wp-content\/uploads\/sites\/106\/2024\/11\/Servizi-in-ambito-socio-assistenziale.pdf\">Servizi in ambito socio-assistenziale<\/a><br \/>\n<a href=\"https:\/\/centroprivacy.asmecal.it\/chiaravallecentrale\/wp-content\/uploads\/sites\/106\/2024\/11\/Servizi-on-line.pdf\">Servizi on line<\/a><br \/>\n<a href=\"https:\/\/centroprivacy.asmecal.it\/chiaravallecentrale\/wp-content\/uploads\/sites\/106\/2024\/11\/Servizi-scolastici.pdf\">Servizi scolastici<\/a><br \/>\n<a href=\"https:\/\/centroprivacy.asmecal.it\/chiaravallecentrale\/wp-content\/uploads\/sites\/106\/2024\/11\/Sistema-informatico-comunale.pdf\">Sistema informatico comunale<\/a><br \/>\n<a href=\"https:\/\/centroprivacy.asmecal.it\/chiaravallecentrale\/wp-content\/uploads\/sites\/106\/2024\/11\/Sportello-Unico-Attivita-Produttive-SUAP.pdf\">Sportello Unico Attivit\u00e0 Produttive &#8211; SUAP<\/a><br \/>\n<a href=\"https:\/\/centroprivacy.asmecal.it\/chiaravallecentrale\/wp-content\/uploads\/sites\/106\/2024\/11\/Sportello-unico-edilizia-SUE.pdf\">Sportello unico edilizia &#8211; SUE<\/a><br \/>\n<a href=\"https:\/\/centroprivacy.asmecal.it\/chiaravallecentrale\/wp-content\/uploads\/sites\/106\/2024\/11\/Staff-di-Gabinetto-del-sindaco.pdf\">Staff di Gabinetto del sindaco<\/a><br \/>\n<a href=\"https:\/\/centroprivacy.asmecal.it\/chiaravallecentrale\/wp-content\/uploads\/sites\/106\/2024\/11\/Statistiche.pdf\">Statistiche<\/a><br \/>\n<a href=\"https:\/\/centroprivacy.asmecal.it\/chiaravallecentrale\/wp-content\/uploads\/sites\/106\/2024\/11\/Stato-civile.pdf\">Stato civile<\/a><br \/>\n<a href=\"https:\/\/centroprivacy.asmecal.it\/chiaravallecentrale\/wp-content\/uploads\/sites\/106\/2024\/11\/Stipula-di-accordi-e-convenzioni.pdf\">Stipula di accordi e convenzioni<\/a><br \/>\n<a href=\"https:\/\/centroprivacy.asmecal.it\/chiaravallecentrale\/wp-content\/uploads\/sites\/106\/2024\/11\/Strumenti-di-promozione-del-territorio.pdf\">Strumenti di promozione del territorio<\/a><br \/>\n<a href=\"https:\/\/centroprivacy.asmecal.it\/chiaravallecentrale\/wp-content\/uploads\/sites\/106\/2024\/11\/Trasparenza-anticorruzione.pdf\">Trasparenza &#8211; anticorruzione<\/a><br \/>\n<a href=\"https:\/\/centroprivacy.asmecal.it\/chiaravallecentrale\/wp-content\/uploads\/sites\/106\/2024\/11\/Tutela-ambientale-e-decoro-urbano.pdf\">Tutela ambientale e decoro urbano<\/a><br \/>\n<a href=\"https:\/\/centroprivacy.asmecal.it\/chiaravallecentrale\/wp-content\/uploads\/sites\/106\/2024\/11\/Tutela-della-sicurezza-nei-luoghi-di-lavoro.pdf\">Tutela della sicurezza nei luoghi di lavoro<\/a><br \/>\n<a href=\"https:\/\/centroprivacy.asmecal.it\/chiaravallecentrale\/wp-content\/uploads\/sites\/106\/2024\/11\/Tutela-giuridica.pdf\">Tutela giuridica<\/a><br \/>\n<a href=\"https:\/\/centroprivacy.asmecal.it\/chiaravallecentrale\/wp-content\/uploads\/sites\/106\/2024\/11\/Validazione-degli-accessi-a-locali-comunali.pdf\">Validazione degli accessi a locali comunali<\/a><br \/>\n<a href=\"https:\/\/centroprivacy.asmecal.it\/chiaravallecentrale\/wp-content\/uploads\/sites\/106\/2024\/11\/Videosorveglianza.pdf\">Videosorveglianza<\/a><br \/>\n<a href=\"https:\/\/centroprivacy.asmecal.it\/chiaravallecentrale\/wp-content\/uploads\/sites\/106\/2024\/11\/Whistleblowing.pdf\">Whistleblowing<\/a><\/p>\n","protected":false},"excerpt":{"rendered":"<p>Accesso agli atti Agevolazioni, esenzioni tributarie o tariffarie Albo pretorio Anagrafe canina Anagrafe Archivio e protocollo Archivio storico Assicurazioni Assistenza scolastica Attivit\u00e0 animatoriali Attivit\u00e0 di commercio, settore agricolo ed artigianale Attivit\u00e0 in materia di occupazione e lavoro Autocertificazioni Autorizzazioni alla somministrazione di alimenti e bevande Autorizzazioni di pubblica sicurezza Autorizzazioni Biblioteca Cimiteri Concessione di benefici [&hellip;]<\/p>\n","protected":false},"author":1,"featured_media":0,"parent":0,"menu_order":0,"comment_status":"closed","ping_status":"closed","template":"template-fullpage-nosidebar.php","meta":{"footnotes":""},"class_list":["post-837","page","type-page","status-publish","hentry"],"_links":{"self":[{"href":"https:\/\/centroprivacy.asmecal.it\/chiaravallecentrale\/index.php?rest_route=\/wp\/v2\/pages\/837","targetHints":{"allow":["GET"]}}],"collection":[{"href":"https:\/\/centroprivacy.asmecal.it\/chiaravallecentrale\/index.php?rest_route=\/wp\/v2\/pages"}],"about":[{"href":"https:\/\/centroprivacy.asmecal.it\/chiaravallecentrale\/index.php?rest_route=\/wp\/v2\/types\/page"}],"author":[{"embeddable":true,"href":"https:\/\/centroprivacy.asmecal.it\/chiaravallecentrale\/index.php?rest_route=\/wp\/v2\/users\/1"}],"replies":[{"embeddable":true,"href":"https:\/\/centroprivacy.asmecal.it\/chiaravallecentrale\/index.php?rest_route=%2Fwp%2Fv2%2Fcomments&post=837"}],"version-history":[{"count":3,"href":"https:\/\/centroprivacy.asmecal.it\/chiaravallecentrale\/index.php?rest_route=\/wp\/v2\/pages\/837\/revisions"}],"predecessor-version":[{"id":1036,"href":"https:\/\/centroprivacy.asmecal.it\/chiaravallecentrale\/index.php?rest_route=\/wp\/v2\/pages\/837\/revisions\/1036"}],"wp:attachment":[{"href":"https:\/\/centroprivacy.asmecal.it\/chiaravallecentrale\/index.php?rest_route=%2Fwp%2Fv2%2Fmedia&parent=837"}],"curies":[{"name":"wp","href":"https:\/\/api.w.org\/{rel}","templated":true}]}}